{"id":999,"date":"2025-05-07T11:36:25","date_gmt":"2025-05-07T09:36:25","guid":{"rendered":"https:\/\/grupomeza.es\/?post_type=product&#038;p=999"},"modified":"2025-05-07T11:36:31","modified_gmt":"2025-05-07T09:36:31","slug":"dark-hot-chocolate","status":"publish","type":"product","link":"https:\/\/grupomeza.es\/en\/product\/dark-hot-chocolate\/","title":{"rendered":"Dark Hot Chocolate"},"content":{"rendered":"<p>Chocolate a la taza. Sabor intenso y cremoso. No contiene aditivos, soja, ni gluten. 100% origen natural y vegano.<\/p>\n<p data-hook=\"content-wrapper\"><strong>Beneficios:<\/strong><\/p>\n<ul>\n<li>Bienestar: Antioxidantes y magnesio para nutrir cuerpo y mente.<\/li>\n<li>Mindfullness:\u00a0Un momento de pausa y consciencia en cada sorbo.<\/li>\n<li>Claridad:\u00a0Mejora tu concentraci\u00f3n con los beneficios del cacao real.<\/li>\n<\/ul>\n<div class=\"_3cRjW\" data-hook=\"content-wrapper\">\n<p><strong>Modo de preparaci\u00f3n:<\/strong><\/p>\n<\/div>\n<p>Mezcla de 2-4 cucharadas de\u00a0<em>Dark Hot Chocolate<\/em>\u00a0con 250ml de leche caliente.<\/p>\n<p>Te recomendamos probar Leche de Avena Oalty Barista y disfruta de los ingredientes 100% naturales del\u00a0<em>Dark Hot Chocolate.<\/em><\/p>","protected":false},"excerpt":{"rendered":"<p>Chocolate a la taza. Sabor intenso y cremoso. No contiene aditivos, soja, ni gluten. 100% origen natural y vegano.<\/p>","protected":false},"featured_media":0,"template":"","meta":{"neve_meta_sidebar":"","neve_meta_container":"","neve_meta_enable_content_width":"off","neve_meta_content_width":100,"neve_meta_title_alignment":"","neve_meta_author_avatar":"","neve_post_elements_order":"","neve_meta_disable_header":"","neve_meta_disable_footer":"","neve_meta_disable_title":"","neve_meta_reading_time":"","_joinchat":[],"jetpack_publicize_message":"","jetpack_publicize_feature_enabled":true,"jetpack_social_post_already_shared":false,"jetpack_social_options":{"image_generator_settings":{"template":"highway","default_image_id":0,"font":"","enabled":false},"version":2}},"product_brand":[],"product_cat":[27],"product_tag":[],"class_list":{"0":"post-999","1":"product","2":"type-product","3":"status-publish","5":"product_cat-sin-categorizar","7":"first","8":"instock","9":"taxable","10":"shipping-taxable","11":"purchasable","12":"product-type-simple"},"yoast_head":"<!-- This site is optimized with the Yoast SEO plugin v27.5 - https:\/\/yoast.com\/product\/yoast-seo-wordpress\/ -->\n<title>Dark Hot Chocolate - GRUPO MEZA - Importaci\u00f3n y Exportaci\u00f3n<\/title>\n<meta name=\"robots\" content=\"index, follow, max-snippet:-1, max-image-preview:large, max-video-preview:-1\" \/>\n<link rel=\"canonical\" href=\"https:\/\/grupomeza.es\/en\/product\/dark-hot-chocolate\/\" \/>\n<meta property=\"og:locale\" content=\"en_GB\" \/>\n<meta property=\"og:type\" content=\"article\" \/>\n<meta property=\"og:title\" content=\"Dark Hot Chocolate - GRUPO MEZA - Importaci\u00f3n y Exportaci\u00f3n\" \/>\n<meta property=\"og:description\" content=\"Chocolate a la taza. Sabor intenso y cremoso. No contiene aditivos, soja, ni gluten. 100% origen natural y vegano.\" \/>\n<meta property=\"og:url\" content=\"https:\/\/grupomeza.es\/en\/product\/dark-hot-chocolate\/\" \/>\n<meta property=\"og:site_name\" content=\"GRUPO MEZA - Importaci\u00f3n y Exportaci\u00f3n\" \/>\n<meta property=\"article:modified_time\" content=\"2025-05-07T09:36:31+00:00\" \/>\n<meta property=\"og:image\" content=\"https:\/\/grupomeza.es\/wp-content\/uploads\/2025\/05\/Fonte_Italian_HotChocolate.jpg\" \/>\n\t<meta property=\"og:image:width\" content=\"600\" \/>\n\t<meta property=\"og:image:height\" content=\"600\" \/>\n\t<meta property=\"og:image:type\" content=\"image\/jpeg\" \/>\n<meta name=\"twitter:card\" content=\"summary_large_image\" \/>\n<meta name=\"twitter:label1\" content=\"Estimated reading time\" \/>\n\t<meta name=\"twitter:data1\" content=\"1 minute\" \/>\n<script type=\"application\/ld+json\" class=\"yoast-schema-graph\">{\"@context\":\"https:\\\/\\\/schema.org\",\"@graph\":[{\"@type\":\"WebPage\",\"@id\":\"https:\\\/\\\/grupomeza.es\\\/producto\\\/dark-hot-chocolate\\\/\",\"url\":\"https:\\\/\\\/grupomeza.es\\\/producto\\\/dark-hot-chocolate\\\/\",\"name\":\"Dark Hot Chocolate - GRUPO MEZA - Importaci\u00f3n y Exportaci\u00f3n\",\"isPartOf\":{\"@id\":\"https:\\\/\\\/grupomeza.es\\\/#website\"},\"datePublished\":\"2025-05-07T09:36:25+00:00\",\"dateModified\":\"2025-05-07T09:36:31+00:00\",\"breadcrumb\":{\"@id\":\"https:\\\/\\\/grupomeza.es\\\/producto\\\/dark-hot-chocolate\\\/#breadcrumb\"},\"inLanguage\":\"en-GB\",\"potentialAction\":[{\"@type\":\"ReadAction\",\"target\":[\"https:\\\/\\\/grupomeza.es\\\/producto\\\/dark-hot-chocolate\\\/\"]}]},{\"@type\":\"BreadcrumbList\",\"@id\":\"https:\\\/\\\/grupomeza.es\\\/producto\\\/dark-hot-chocolate\\\/#breadcrumb\",\"itemListElement\":[{\"@type\":\"ListItem\",\"position\":1,\"name\":\"Portada\",\"item\":\"https:\\\/\\\/grupomeza.es\\\/\"},{\"@type\":\"ListItem\",\"position\":2,\"name\":\"Tienda\",\"item\":\"https:\\\/\\\/grupomeza.es\\\/tienda\\\/\"},{\"@type\":\"ListItem\",\"position\":3,\"name\":\"Dark Hot Chocolate\"}]},{\"@type\":\"WebSite\",\"@id\":\"https:\\\/\\\/grupomeza.es\\\/#website\",\"url\":\"https:\\\/\\\/grupomeza.es\\\/\",\"name\":\"GRUPO MEZA - Importaci\u00f3n y Exportaci\u00f3n\",\"description\":\"En Grupo Meza somos una empresa joven y din\u00e1mica, especializada en la importaci\u00f3n y exportaci\u00f3n de caf\u00e9 verde de alta calidad y en consultor\u00eda empresarial para negocios del sector agroalimentario.\",\"potentialAction\":[{\"@type\":\"SearchAction\",\"target\":{\"@type\":\"EntryPoint\",\"urlTemplate\":\"https:\\\/\\\/grupomeza.es\\\/?s={search_term_string}\"},\"query-input\":{\"@type\":\"PropertyValueSpecification\",\"valueRequired\":true,\"valueName\":\"search_term_string\"}}],\"inLanguage\":\"en-GB\"}]}<\/script>\n<!-- \/ Yoast SEO plugin. -->","yoast_head_json":{"title":"Dark Hot Chocolate - GRUPO MEZA - Importaci\u00f3n y Exportaci\u00f3n","robots":{"index":"index","follow":"follow","max-snippet":"max-snippet:-1","max-image-preview":"max-image-preview:large","max-video-preview":"max-video-preview:-1"},"canonical":"https:\/\/grupomeza.es\/en\/product\/dark-hot-chocolate\/","og_locale":"en_GB","og_type":"article","og_title":"Dark Hot Chocolate - GRUPO MEZA - Importaci\u00f3n y Exportaci\u00f3n","og_description":"Chocolate a la taza. Sabor intenso y cremoso. No contiene aditivos, soja, ni gluten. 100% origen natural y vegano.","og_url":"https:\/\/grupomeza.es\/en\/product\/dark-hot-chocolate\/","og_site_name":"GRUPO MEZA - Importaci\u00f3n y Exportaci\u00f3n","article_modified_time":"2025-05-07T09:36:31+00:00","og_image":[{"width":600,"height":600,"url":"https:\/\/grupomeza.es\/wp-content\/uploads\/2025\/05\/Fonte_Italian_HotChocolate.jpg","type":"image\/jpeg"}],"twitter_card":"summary_large_image","twitter_misc":{"Estimated reading time":"1 minute"},"schema":{"@context":"https:\/\/schema.org","@graph":[{"@type":"WebPage","@id":"https:\/\/grupomeza.es\/producto\/dark-hot-chocolate\/","url":"https:\/\/grupomeza.es\/producto\/dark-hot-chocolate\/","name":"Dark Hot Chocolate - GRUPO MEZA - Importaci\u00f3n y Exportaci\u00f3n","isPartOf":{"@id":"https:\/\/grupomeza.es\/#website"},"datePublished":"2025-05-07T09:36:25+00:00","dateModified":"2025-05-07T09:36:31+00:00","breadcrumb":{"@id":"https:\/\/grupomeza.es\/producto\/dark-hot-chocolate\/#breadcrumb"},"inLanguage":"en-GB","potentialAction":[{"@type":"ReadAction","target":["https:\/\/grupomeza.es\/producto\/dark-hot-chocolate\/"]}]},{"@type":"BreadcrumbList","@id":"https:\/\/grupomeza.es\/producto\/dark-hot-chocolate\/#breadcrumb","itemListElement":[{"@type":"ListItem","position":1,"name":"Portada","item":"https:\/\/grupomeza.es\/"},{"@type":"ListItem","position":2,"name":"Tienda","item":"https:\/\/grupomeza.es\/tienda\/"},{"@type":"ListItem","position":3,"name":"Dark Hot Chocolate"}]},{"@type":"WebSite","@id":"https:\/\/grupomeza.es\/#website","url":"https:\/\/grupomeza.es\/","name":"GRUPO MEZA - Importaci\u00f3n y Exportaci\u00f3n","description":"En Grupo Meza somos una empresa joven y din\u00e1mica, especializada en la importaci\u00f3n y exportaci\u00f3n de caf\u00e9 verde de alta calidad y en consultor\u00eda empresarial para negocios del sector agroalimentario.","potentialAction":[{"@type":"SearchAction","target":{"@type":"EntryPoint","urlTemplate":"https:\/\/grupomeza.es\/?s={search_term_string}"},"query-input":{"@type":"PropertyValueSpecification","valueRequired":true,"valueName":"search_term_string"}}],"inLanguage":"en-GB"}]}},"jetpack_publicize_connections":[],"_links":{"self":[{"href":"https:\/\/grupomeza.es\/en\/wp-json\/wp\/v2\/product\/999","targetHints":{"allow":["GET"]}}],"collection":[{"href":"https:\/\/grupomeza.es\/en\/wp-json\/wp\/v2\/product"}],"about":[{"href":"https:\/\/grupomeza.es\/en\/wp-json\/wp\/v2\/types\/product"}],"wp:attachment":[{"href":"https:\/\/grupomeza.es\/en\/wp-json\/wp\/v2\/media?parent=999"}],"wp:term":[{"taxonomy":"product_brand","embeddable":true,"href":"https:\/\/grupomeza.es\/en\/wp-json\/wp\/v2\/product_brand?post=999"},{"taxonomy":"product_cat","embeddable":true,"href":"https:\/\/grupomeza.es\/en\/wp-json\/wp\/v2\/product_cat?post=999"},{"taxonomy":"product_tag","embeddable":true,"href":"https:\/\/grupomeza.es\/en\/wp-json\/wp\/v2\/product_tag?post=999"}],"curies":[{"name":"wp","href":"https:\/\/api.w.org\/{rel}","templated":true}]}}