{"id":983,"date":"2025-05-07T11:09:13","date_gmt":"2025-05-07T09:09:13","guid":{"rendered":"https:\/\/grupomeza.es\/?page_id=983"},"modified":"2025-06-04T13:19:52","modified_gmt":"2025-06-04T11:19:52","slug":"tienda-online","status":"publish","type":"page","link":"https:\/\/grupomeza.es\/en\/tienda-online\/","title":{"rendered":"Online store"},"content":{"rendered":"<div data-elementor-type=\"wp-page\" data-elementor-id=\"983\" class=\"elementor elementor-983\" data-elementor-post-type=\"page\">\n\t\t\t\t<div class=\"elementor-element elementor-element-332ffe4 e-flex e-con-boxed e-con e-parent\" data-id=\"332ffe4\" data-element_type=\"container\" data-e-type=\"container\" data-settings=\"{&quot;background_background&quot;:&quot;classic&quot;}\">\n\t\t\t\t\t<div class=\"e-con-inner\">\n\t\t\t\t<div class=\"elementor-element elementor-element-04071e3 elementor-widget elementor-widget-heading\" data-id=\"04071e3\" data-element_type=\"widget\" data-e-type=\"widget\" data-widget_type=\"heading.default\">\n\t\t\t\t<div class=\"elementor-widget-container\">\n\t\t\t\t\t<h2 class=\"elementor-heading-title elementor-size-default\">Online store<\/h2>\t\t\t\t<\/div>\n\t\t\t\t<\/div>\n\t\t\t\t<div class=\"elementor-element elementor-element-23ba782 elementor-align-center elementor-icon-list--layout-inline elementor-list-item-link-full_width elementor-widget elementor-widget-icon-list\" data-id=\"23ba782\" data-element_type=\"widget\" data-e-type=\"widget\" data-widget_type=\"icon-list.default\">\n\t\t\t\t<div class=\"elementor-widget-container\">\n\t\t\t\t\t\t\t<ul class=\"elementor-icon-list-items elementor-inline-items\">\n\t\t\t\t\t\t\t<li class=\"elementor-icon-list-item elementor-inline-item\">\n\t\t\t\t\t\t\t\t\t\t\t<a href=\"https:\/\/grupomeza.es\/en\/\">\n\n\t\t\t\t\t\t\t\t\t\t\t<span class=\"elementor-icon-list-text\">Home<\/span>\n\t\t\t\t\t\t\t\t\t\t\t<\/a>\n\t\t\t\t\t\t\t\t\t<\/li>\n\t\t\t\t\t\t\t\t<li class=\"elementor-icon-list-item elementor-inline-item\">\n\t\t\t\t\t\t\t\t\t\t\t<a href=\"https:\/\/grupomeza.es\/en\/tienda-online\/\">\n\n\t\t\t\t\t\t\t\t\t\t\t\t<span class=\"elementor-icon-list-icon\">\n\t\t\t\t\t\t\t<i aria-hidden=\"true\" class=\"jki jki-right-arrow-7\"><\/i>\t\t\t\t\t\t<\/span>\n\t\t\t\t\t\t\t\t\t\t<span class=\"elementor-icon-list-text\">Online store<\/span>\n\t\t\t\t\t\t\t\t\t\t\t<\/a>\n\t\t\t\t\t\t\t\t\t<\/li>\n\t\t\t\t\t\t<\/ul>\n\t\t\t\t\t\t<\/div>\n\t\t\t\t<\/div>\n\t\t\t\t\t<\/div>\n\t\t\t\t<\/div>\n\t\t<div class=\"elementor-element elementor-element-798b25b e-flex e-con-boxed e-con e-parent\" data-id=\"798b25b\" data-element_type=\"container\" data-e-type=\"container\">\n\t\t\t\t\t<div class=\"e-con-inner\">\n\t\t\t\t<div class=\"elementor-element elementor-element-f887c5e elementor-grid-mobile-1 elementor-product-loop-item--align-center elementor-grid-4 elementor-grid-tablet-3 elementor-products-grid elementor-wc-products elementor-show-pagination-border-yes elementor-widget elementor-widget-woocommerce-products\" data-id=\"f887c5e\" data-element_type=\"widget\" data-e-type=\"widget\" data-widget_type=\"woocommerce-products.default\">\n\t\t\t\t<div class=\"elementor-widget-container\">\n\t\t\t\t\t<div class=\"woocommerce columns-4\"><div class=\"woocommerce-notices-wrapper\"><\/div><ul class=\"products elementor-grid columns-4\">\n<li class=\"product type-product post-1185 status-publish first instock product_cat-sin-categorizar has-post-thumbnail taxable shipping-taxable purchasable product-type-simple\">\n\t<div class=\"nv-card-content-wrapper\"><a href=\"https:\/\/grupomeza.es\/en\/product\/bolsa-cafe-en-grano-tostado-pacas-250grs\/\" class=\"woocommerce-LoopProduct-link woocommerce-loop-product__link\"><div class=\"sp-product-image\"><div class=\"img-wrap\"><img fetchpriority=\"high\" decoding=\"async\" width=\"300\" height=\"457\" src=\"https:\/\/grupomeza.es\/wp-content\/uploads\/2025\/05\/PacasKraft-250-300x457.jpg\" class=\"attachment-woocommerce_thumbnail size-woocommerce_thumbnail\" alt=\"Bolsa Caf\u00e9 en grano tostado PACAS 250grs\" \/><\/div><div class=\"sp-image-buttons\">\n\t\t\t\t\t<a href=\"https:\/\/grupomeza.es\/en\/product\/bolsa-cafe-en-grano-tostado-pacas-250grs\/\" class=\"sp-product-overlay-link\" tabindex=\"0\" aria-label=\"Bolsa Caf\u00e9 en grano tostado PACAS 250grs Product page\">\n\t\t\t<span class=\"screen-reader-text\">Bag of Coffee beans roasted BALES 250grs<\/span>\n\t\t<\/a>\n\t\t\t\t<\/div>\n\t\t<\/div><h2 class=\"woocommerce-loop-product__title\">Bag of Coffee beans roasted BALES 250grs<\/h2>\n\t<span class=\"price\"><span class=\"woocommerce-Price-amount amount\"><bdi>35,00&nbsp;<span class=\"woocommerce-Price-currencySymbol\">\u20ac<\/span><\/bdi><\/span> <small class=\"woocommerce-price-suffix\">VAT Incl.<\/small><\/span>\n<\/a><a href=\"\/en\/wp-json\/wp\/v2\/pages\/983?add-to-cart=1185\" aria-describedby=\"woocommerce_loop_add_to_cart_link_describedby_1185\" data-quantity=\"1\" class=\"button product_type_simple add_to_cart_button ajax_add_to_cart\" data-product_id=\"1185\" data-product_sku=\"\" aria-label=\"A\u00f1adir al carrito: \u201cBolsa Caf\u00e9 en grano tostado PACAS 250grs\u201d\" rel=\"nofollow\" data-success_message=\"\u201cBolsa Caf\u00e9 en grano tostado PACAS 250grs\u201d has been added to your cart\" role=\"button\" data-no-translation=\"\" data-trp-gettext=\"\" data-no-translation-aria-label=\"\" data-no-translation-data-success_message=\"\">A\u00f1adir al carrito<\/a>\t<span id=\"woocommerce_loop_add_to_cart_link_describedby_1185\" class=\"screen-reader-text\">\n\t\t\t<\/span>\n<\/div><\/li>\n<li class=\"product type-product post-999 status-publish instock product_cat-sin-categorizar taxable shipping-taxable purchasable product-type-simple\">\n\t<div class=\"nv-card-content-wrapper\"><a href=\"https:\/\/grupomeza.es\/en\/product\/dark-hot-chocolate\/\" class=\"woocommerce-LoopProduct-link woocommerce-loop-product__link\"><div class=\"sp-product-image\"><div class=\"img-wrap\"><img decoding=\"async\" width=\"300\" height=\"457\" src=\"https:\/\/grupomeza.es\/wp-content\/uploads\/woocommerce-placeholder-300x457.png\" class=\"woocommerce-placeholder wp-post-image\" alt=\"Placeholder\" srcset=\"https:\/\/grupomeza.es\/wp-content\/uploads\/woocommerce-placeholder-300x457.png 300w, https:\/\/grupomeza.es\/wp-content\/uploads\/woocommerce-placeholder-230x350.png 230w\" sizes=\"(max-width: 300px) 100vw, 300px\" data-no-translation-alt=\"\" \/><\/div><div class=\"sp-image-buttons\">\n\t\t\t\t\t<a href=\"https:\/\/grupomeza.es\/en\/product\/dark-hot-chocolate\/\" class=\"sp-product-overlay-link\" tabindex=\"0\" aria-label=\"Dark Hot Chocolate Product page\">\n\t\t\t<span class=\"screen-reader-text\">Dark Hot Chocolate<\/span>\n\t\t<\/a>\n\t\t\t\t<\/div>\n\t\t<\/div><h2 class=\"woocommerce-loop-product__title\">Dark Hot Chocolate<\/h2>\n\t<span class=\"price\"><span class=\"woocommerce-Price-amount amount\"><bdi>30,90&nbsp;<span class=\"woocommerce-Price-currencySymbol\">\u20ac<\/span><\/bdi><\/span> <small class=\"woocommerce-price-suffix\">VAT Incl.<\/small><\/span>\n<\/a><a href=\"\/en\/wp-json\/wp\/v2\/pages\/983?add-to-cart=999\" aria-describedby=\"woocommerce_loop_add_to_cart_link_describedby_999\" data-quantity=\"1\" class=\"button product_type_simple add_to_cart_button ajax_add_to_cart\" data-product_id=\"999\" data-product_sku=\"\" aria-label=\"A\u00f1adir al carrito: \u201cDark Hot Chocolate\u201d\" rel=\"nofollow\" data-success_message=\"\u201cDark Hot Chocolate\u201d has been added to your cart\" role=\"button\" data-no-translation=\"\" data-trp-gettext=\"\" data-no-translation-aria-label=\"\" data-no-translation-data-success_message=\"\">A\u00f1adir al carrito<\/a>\t<span id=\"woocommerce_loop_add_to_cart_link_describedby_999\" class=\"screen-reader-text\">\n\t\t\t<\/span>\n<\/div><\/li>\n<\/ul>\n<\/div>\t\t\t\t<\/div>\n\t\t\t\t<\/div>\n\t\t\t\t\t<\/div>\n\t\t\t\t<\/div>\n\t\t\t\t<\/div>","protected":false},"excerpt":{"rendered":"<p>Tienda online Inicio Tienda online<\/p>","protected":false},"author":4,"featured_media":0,"parent":0,"menu_order":0,"comment_status":"closed","ping_status":"closed","template":"page-templates\/template-pagebuilder-full-width.php","meta":{"neve_meta_sidebar":"","neve_meta_container":"","neve_meta_enable_content_width":"off","neve_meta_content_width":100,"neve_meta_title_alignment":"","neve_meta_author_avatar":"","neve_post_elements_order":"","neve_meta_disable_header":"","neve_meta_disable_footer":"","neve_meta_disable_title":"","neve_meta_reading_time":"","_joinchat":[],"footnotes":""},"class_list":["post-983","page","type-page","status-publish","hentry"],"yoast_head":"<!-- This site is optimized with the Yoast SEO plugin v27.5 - https:\/\/yoast.com\/product\/yoast-seo-wordpress\/ -->\n<title>Tienda online de caf\u00e9 y cacao | Grupo Meza<\/title>\n<meta name=\"description\" content=\"Compra caf\u00e9 y cacao de calidad en nuestra tienda online. \u00a1Haz tu pedido ahora y disfruta de productos frescos y exclusivos!\" \/>\n<meta name=\"robots\" content=\"index, follow, max-snippet:-1, max-image-preview:large, max-video-preview:-1\" \/>\n<link rel=\"canonical\" href=\"https:\/\/grupomeza.es\/en\/tienda-online\/\" \/>\n<meta property=\"og:locale\" content=\"en_GB\" \/>\n<meta property=\"og:type\" content=\"article\" \/>\n<meta property=\"og:title\" content=\"Tienda online de caf\u00e9 y cacao | Grupo Meza\" \/>\n<meta property=\"og:description\" content=\"Compra caf\u00e9 y cacao de calidad en nuestra tienda online. \u00a1Haz tu pedido ahora y disfruta de productos frescos y exclusivos!\" \/>\n<meta property=\"og:url\" content=\"https:\/\/grupomeza.es\/en\/tienda-online\/\" \/>\n<meta property=\"og:site_name\" content=\"GRUPO MEZA - Importaci\u00f3n y Exportaci\u00f3n\" \/>\n<meta property=\"article:modified_time\" content=\"2025-06-04T11:19:52+00:00\" \/>\n<meta name=\"twitter:card\" content=\"summary_large_image\" \/>\n<meta name=\"twitter:label1\" content=\"Estimated reading time\" \/>\n\t<meta name=\"twitter:data1\" content=\"1 minute\" \/>\n<script type=\"application\/ld+json\" class=\"yoast-schema-graph\">{\"@context\":\"https:\\\/\\\/schema.org\",\"@graph\":[{\"@type\":\"WebPage\",\"@id\":\"https:\\\/\\\/grupomeza.es\\\/tienda-online\\\/\",\"url\":\"https:\\\/\\\/grupomeza.es\\\/tienda-online\\\/\",\"name\":\"Tienda online de caf\u00e9 y cacao | Grupo Meza\",\"isPartOf\":{\"@id\":\"https:\\\/\\\/grupomeza.es\\\/#website\"},\"datePublished\":\"2025-05-07T09:09:13+00:00\",\"dateModified\":\"2025-06-04T11:19:52+00:00\",\"description\":\"Compra caf\u00e9 y cacao de calidad en nuestra tienda online. \u00a1Haz tu pedido ahora y disfruta de productos frescos y exclusivos!\",\"breadcrumb\":{\"@id\":\"https:\\\/\\\/grupomeza.es\\\/tienda-online\\\/#breadcrumb\"},\"inLanguage\":\"en-GB\",\"potentialAction\":[{\"@type\":\"ReadAction\",\"target\":[\"https:\\\/\\\/grupomeza.es\\\/tienda-online\\\/\"]}]},{\"@type\":\"BreadcrumbList\",\"@id\":\"https:\\\/\\\/grupomeza.es\\\/tienda-online\\\/#breadcrumb\",\"itemListElement\":[{\"@type\":\"ListItem\",\"position\":1,\"name\":\"Portada\",\"item\":\"https:\\\/\\\/grupomeza.es\\\/\"},{\"@type\":\"ListItem\",\"position\":2,\"name\":\"Tienda online\"}]},{\"@type\":\"WebSite\",\"@id\":\"https:\\\/\\\/grupomeza.es\\\/#website\",\"url\":\"https:\\\/\\\/grupomeza.es\\\/\",\"name\":\"GRUPO MEZA - Importaci\u00f3n y Exportaci\u00f3n\",\"description\":\"En Grupo Meza somos una empresa joven y din\u00e1mica, especializada en la importaci\u00f3n y exportaci\u00f3n de caf\u00e9 verde de alta calidad y en consultor\u00eda empresarial para negocios del sector agroalimentario.\",\"potentialAction\":[{\"@type\":\"SearchAction\",\"target\":{\"@type\":\"EntryPoint\",\"urlTemplate\":\"https:\\\/\\\/grupomeza.es\\\/?s={search_term_string}\"},\"query-input\":{\"@type\":\"PropertyValueSpecification\",\"valueRequired\":true,\"valueName\":\"search_term_string\"}}],\"inLanguage\":\"en-GB\"}]}<\/script>\n<!-- \/ Yoast SEO plugin. -->","yoast_head_json":{"title":"Tienda online de caf\u00e9 y cacao | Grupo Meza","description":"Compra caf\u00e9 y cacao de calidad en nuestra tienda online. \u00a1Haz tu pedido ahora y disfruta de productos frescos y exclusivos!","robots":{"index":"index","follow":"follow","max-snippet":"max-snippet:-1","max-image-preview":"max-image-preview:large","max-video-preview":"max-video-preview:-1"},"canonical":"https:\/\/grupomeza.es\/en\/tienda-online\/","og_locale":"en_GB","og_type":"article","og_title":"Tienda online de caf\u00e9 y cacao | Grupo Meza","og_description":"Compra caf\u00e9 y cacao de calidad en nuestra tienda online. \u00a1Haz tu pedido ahora y disfruta de productos frescos y exclusivos!","og_url":"https:\/\/grupomeza.es\/en\/tienda-online\/","og_site_name":"GRUPO MEZA - Importaci\u00f3n y Exportaci\u00f3n","article_modified_time":"2025-06-04T11:19:52+00:00","twitter_card":"summary_large_image","twitter_misc":{"Estimated reading time":"1 minute"},"schema":{"@context":"https:\/\/schema.org","@graph":[{"@type":"WebPage","@id":"https:\/\/grupomeza.es\/tienda-online\/","url":"https:\/\/grupomeza.es\/tienda-online\/","name":"Tienda online de caf\u00e9 y cacao | Grupo Meza","isPartOf":{"@id":"https:\/\/grupomeza.es\/#website"},"datePublished":"2025-05-07T09:09:13+00:00","dateModified":"2025-06-04T11:19:52+00:00","description":"Compra caf\u00e9 y cacao de calidad en nuestra tienda online. \u00a1Haz tu pedido ahora y disfruta de productos frescos y exclusivos!","breadcrumb":{"@id":"https:\/\/grupomeza.es\/tienda-online\/#breadcrumb"},"inLanguage":"en-GB","potentialAction":[{"@type":"ReadAction","target":["https:\/\/grupomeza.es\/tienda-online\/"]}]},{"@type":"BreadcrumbList","@id":"https:\/\/grupomeza.es\/tienda-online\/#breadcrumb","itemListElement":[{"@type":"ListItem","position":1,"name":"Portada","item":"https:\/\/grupomeza.es\/"},{"@type":"ListItem","position":2,"name":"Tienda online"}]},{"@type":"WebSite","@id":"https:\/\/grupomeza.es\/#website","url":"https:\/\/grupomeza.es\/","name":"GRUPO MEZA - Importaci\u00f3n y Exportaci\u00f3n","description":"En Grupo Meza somos una empresa joven y din\u00e1mica, especializada en la importaci\u00f3n y exportaci\u00f3n de caf\u00e9 verde de alta calidad y en consultor\u00eda empresarial para negocios del sector agroalimentario.","potentialAction":[{"@type":"SearchAction","target":{"@type":"EntryPoint","urlTemplate":"https:\/\/grupomeza.es\/?s={search_term_string}"},"query-input":{"@type":"PropertyValueSpecification","valueRequired":true,"valueName":"search_term_string"}}],"inLanguage":"en-GB"}]}},"_links":{"self":[{"href":"https:\/\/grupomeza.es\/en\/wp-json\/wp\/v2\/pages\/983","targetHints":{"allow":["GET"]}}],"collection":[{"href":"https:\/\/grupomeza.es\/en\/wp-json\/wp\/v2\/pages"}],"about":[{"href":"https:\/\/grupomeza.es\/en\/wp-json\/wp\/v2\/types\/page"}],"author":[{"embeddable":true,"href":"https:\/\/grupomeza.es\/en\/wp-json\/wp\/v2\/users\/4"}],"replies":[{"embeddable":true,"href":"https:\/\/grupomeza.es\/en\/wp-json\/wp\/v2\/comments?post=983"}],"version-history":[{"count":14,"href":"https:\/\/grupomeza.es\/en\/wp-json\/wp\/v2\/pages\/983\/revisions"}],"predecessor-version":[{"id":2558,"href":"https:\/\/grupomeza.es\/en\/wp-json\/wp\/v2\/pages\/983\/revisions\/2558"}],"wp:attachment":[{"href":"https:\/\/grupomeza.es\/en\/wp-json\/wp\/v2\/media?parent=983"}],"curies":[{"name":"wp","href":"https:\/\/api.w.org\/{rel}","templated":true}]}}