{"id":608,"date":"2025-04-29T16:02:08","date_gmt":"2025-04-29T14:02:08","guid":{"rendered":"https:\/\/grupomeza.es\/?page_id=608"},"modified":"2025-06-04T13:33:33","modified_gmt":"2025-06-04T11:33:33","slug":"blog","status":"publish","type":"page","link":"https:\/\/grupomeza.es\/en\/blog\/","title":{"rendered":"Blog"},"content":{"rendered":"<div data-elementor-type=\"wp-page\" data-elementor-id=\"608\" class=\"elementor elementor-608\" data-elementor-post-type=\"page\">\n\t\t\t\t<div class=\"elementor-element elementor-element-26aa6ba8 e-flex e-con-boxed e-con e-parent\" data-id=\"26aa6ba8\" data-element_type=\"container\" data-e-type=\"container\" data-settings=\"{&quot;background_background&quot;:&quot;classic&quot;}\">\n\t\t\t\t\t<div class=\"e-con-inner\">\n\t\t\t\t<div class=\"elementor-element elementor-element-1e18051c elementor-widget elementor-widget-heading\" data-id=\"1e18051c\" data-element_type=\"widget\" data-e-type=\"widget\" data-widget_type=\"heading.default\">\n\t\t\t\t<div class=\"elementor-widget-container\">\n\t\t\t\t\t<h2 class=\"elementor-heading-title elementor-size-default\">Blog<\/h2>\t\t\t\t<\/div>\n\t\t\t\t<\/div>\n\t\t\t\t<div class=\"elementor-element elementor-element-6516ccf3 elementor-align-center elementor-icon-list--layout-inline elementor-list-item-link-full_width elementor-widget elementor-widget-icon-list\" data-id=\"6516ccf3\" data-element_type=\"widget\" data-e-type=\"widget\" data-widget_type=\"icon-list.default\">\n\t\t\t\t<div class=\"elementor-widget-container\">\n\t\t\t\t\t\t\t<ul class=\"elementor-icon-list-items elementor-inline-items\">\n\t\t\t\t\t\t\t<li class=\"elementor-icon-list-item elementor-inline-item\">\n\t\t\t\t\t\t\t\t\t\t\t<a href=\"https:\/\/grupomeza.es\/en\/\">\n\n\t\t\t\t\t\t\t\t\t\t\t<span class=\"elementor-icon-list-text\">Home<\/span>\n\t\t\t\t\t\t\t\t\t\t\t<\/a>\n\t\t\t\t\t\t\t\t\t<\/li>\n\t\t\t\t\t\t\t\t<li class=\"elementor-icon-list-item elementor-inline-item\">\n\t\t\t\t\t\t\t\t\t\t\t<a href=\"https:\/\/grupomeza.es\/en\/blog\/\">\n\n\t\t\t\t\t\t\t\t\t\t\t\t<span class=\"elementor-icon-list-icon\">\n\t\t\t\t\t\t\t<i aria-hidden=\"true\" class=\"jki jki-right-arrow-7\"><\/i>\t\t\t\t\t\t<\/span>\n\t\t\t\t\t\t\t\t\t\t<span class=\"elementor-icon-list-text\">Blog<\/span>\n\t\t\t\t\t\t\t\t\t\t\t<\/a>\n\t\t\t\t\t\t\t\t\t<\/li>\n\t\t\t\t\t\t<\/ul>\n\t\t\t\t\t\t<\/div>\n\t\t\t\t<\/div>\n\t\t\t\t\t<\/div>\n\t\t\t\t<\/div>\n\t\t<div class=\"elementor-element elementor-element-566ae8e1 e-flex e-con-boxed e-con e-parent\" data-id=\"566ae8e1\" data-element_type=\"container\" data-e-type=\"container\">\n\t\t\t\t\t<div class=\"e-con-inner\">\n\t\t<div class=\"elementor-element elementor-element-789d17e0 e-flex e-con-boxed e-con e-child\" data-id=\"789d17e0\" data-element_type=\"container\" data-e-type=\"container\">\n\t\t\t\t\t<div class=\"e-con-inner\">\n\t\t<div class=\"elementor-element elementor-element-275e756d e-flex e-con-boxed e-con e-child\" data-id=\"275e756d\" data-element_type=\"container\" data-e-type=\"container\">\n\t\t\t\t\t<div class=\"e-con-inner\">\n\t\t\t\t<div class=\"elementor-element elementor-element-45b60089 elementor-widget elementor-widget-jkit_post_block\" data-id=\"45b60089\" data-element_type=\"widget\" data-e-type=\"widget\" data-widget_type=\"jkit_post_block.default\">\n\t\t\t\t<div class=\"elementor-widget-container\">\n\t\t\t\t\t<div  class=\"jeg-elementor-kit jkit-postblock postblock-type-5 jkit-pagination-disable post-element jeg_module___69fb3d9448d16\"  data-id=\"jeg_module___69fb3d9448d16\" data-settings=\"{&quot;post_type&quot;:&quot;post&quot;,&quot;number_post&quot;:{&quot;unit&quot;:&quot;px&quot;,&quot;size&quot;:&quot;1&quot;,&quot;sizes&quot;:[]},&quot;post_offset&quot;:0,&quot;unique_content&quot;:&quot;disable&quot;,&quot;include_post&quot;:&quot;&quot;,&quot;exclude_post&quot;:&quot;&quot;,&quot;include_category&quot;:&quot;&quot;,&quot;exclude_category&quot;:&quot;&quot;,&quot;include_author&quot;:&quot;&quot;,&quot;include_tag&quot;:&quot;&quot;,&quot;exclude_tag&quot;:&quot;&quot;,&quot;product_brand&quot;:&quot;&quot;,&quot;product_cat&quot;:&quot;&quot;,&quot;product_tag&quot;:&quot;&quot;,&quot;sort_by&quot;:&quot;latest&quot;,&quot;pagination_mode&quot;:&quot;disable&quot;,&quot;pagination_loadmore_text&quot;:&quot;Load More&quot;,&quot;pagination_loading_text&quot;:&quot;Loading...&quot;,&quot;pagination_number_post&quot;:{&quot;unit&quot;:&quot;px&quot;,&quot;size&quot;:3,&quot;sizes&quot;:[]},&quot;pagination_scroll_limit&quot;:0,&quot;pagination_icon&quot;:{&quot;value&quot;:&quot;&quot;,&quot;library&quot;:&quot;&quot;},&quot;pagination_icon_position&quot;:&quot;before&quot;,&quot;st_category_position&quot;:&quot;center&quot;,&quot;sg_content_postblock_type&quot;:&quot;type-5&quot;,&quot;sg_content_element_order&quot;:&quot;meta,title&quot;,&quot;sg_content_breakpoint&quot;:&quot;tablet&quot;,&quot;sg_content_title_html_tag&quot;:&quot;h3&quot;,&quot;sg_content_category_enable&quot;:&quot;&quot;,&quot;sg_content_excerpt_enable&quot;:&quot;yes&quot;,&quot;sg_content_excerpt_length&quot;:{&quot;unit&quot;:&quot;px&quot;,&quot;size&quot;:&quot;30&quot;,&quot;sizes&quot;:[]},&quot;sg_content_excerpt_more&quot;:&quot;...&quot;,&quot;sg_content_readmore_enable&quot;:&quot;yes&quot;,&quot;sg_content_readmore_icon&quot;:{&quot;value&quot;:&quot;jki jki-right-arrow2-light&quot;,&quot;library&quot;:&quot;jkiticon&quot;},&quot;sg_content_readmore_icon_position&quot;:&quot;after&quot;,&quot;sg_content_readmore_text&quot;:&quot;Read More&quot;,&quot;sg_content_comment_enable&quot;:&quot;&quot;,&quot;sg_content_comment_icon&quot;:{&quot;value&quot;:&quot;fas fa-comment&quot;,&quot;library&quot;:&quot;fa-solid&quot;},&quot;sg_content_comment_icon_position&quot;:&quot;before&quot;,&quot;sg_content_meta_enable&quot;:&quot;yes&quot;,&quot;sg_content_meta_author_enable&quot;:&quot;&quot;,&quot;sg_content_meta_author_by_text&quot;:&quot;by&quot;,&quot;sg_content_meta_author_icon&quot;:{&quot;value&quot;:&quot;fas fa-user&quot;,&quot;library&quot;:&quot;fa-solid&quot;},&quot;sg_content_meta_author_icon_position&quot;:&quot;before&quot;,&quot;sg_content_meta_date_enable&quot;:&quot;yes&quot;,&quot;sg_content_meta_date_type&quot;:&quot;published&quot;,&quot;sg_content_meta_date_format&quot;:&quot;default&quot;,&quot;sg_content_meta_date_format_custom&quot;:&quot;F j, Y&quot;,&quot;sg_content_meta_date_icon&quot;:{&quot;value&quot;:&quot;fas fa-clock&quot;,&quot;library&quot;:&quot;fa-solid&quot;},&quot;sg_content_meta_date_icon_position&quot;:&quot;before&quot;,&quot;sg_content_image_size_imagesize_size&quot;:&quot;full&quot;,&quot;paged&quot;:1,&quot;class&quot;:&quot;jkit_post_block&quot;}\"><div class=\"jkit-block-container\"><div class=\"jkit-posts jkit-ajax-flag\">\n            <article class=\"jkit-post post-2792 post type-post status-publish format-standard has-post-thumbnail hentry category-uncategorized\">\n                    <div class=\"jkit-thumb\"><a aria-label=\"COFFEEFEST MADRID 2026\" href=\"https:\/\/grupomeza.es\/en\/grupo-meza-asiste-a-coffeefest-madrid-2026\/\"><div class=\"thumbnail-container\">\n            <img loading=\"lazy\" decoding=\"async\" width=\"650\" height=\"461\" src=\"https:\/\/grupomeza.es\/wp-content\/uploads\/2026\/04\/97edf6c7-fdea-461c-addc-3f02b243d98b.jpg\" class=\"attachment-full size-full wp-post-image\" alt=\"GRUPO MEZA asiste a COFFEEFEST MADRID 2026\" srcset=\"https:\/\/grupomeza.es\/wp-content\/uploads\/2026\/04\/97edf6c7-fdea-461c-addc-3f02b243d98b.jpg 650w, https:\/\/grupomeza.es\/wp-content\/uploads\/2026\/04\/97edf6c7-fdea-461c-addc-3f02b243d98b-300x213.jpg 300w, https:\/\/grupomeza.es\/wp-content\/uploads\/2026\/04\/97edf6c7-fdea-461c-addc-3f02b243d98b-18x12.jpg 18w, https:\/\/grupomeza.es\/wp-content\/uploads\/2026\/04\/97edf6c7-fdea-461c-addc-3f02b243d98b-600x426.jpg 600w\" sizes=\"auto, (max-width: 650px) 100vw, 650px\" \/>\n        <\/div><\/a><\/div>\n                    <div class=\"jkit-postblock-content\"><div class=\"jkit-post-meta\"><div class=\"jkit-meta-date icon-position-before\"><svg aria-hidden=\"true\" class=\"e-font-icon-svg e-fas-clock\" viewbox=\"0 0 512 512\" xmlns=\"http:\/\/www.w3.org\/2000\/svg\"><path d=\"M256,8C119,8,8,119,8,256S119,504,256,504,504,393,504,256,393,8,256,8Zm92.49,313h0l-20,25a16,16,0,0,1-22.49,2.5h0l-67-49.72a40,40,0,0,1-15-31.23V112a16,16,0,0,1,16-16h32a16,16,0,0,1,16,16V256l58,42.5A16,16,0,0,1,348.49,321Z\"><\/path><\/svg>16\/04\/2026<\/div><\/div><h3 class=\"jkit-post-title\">\n\t\t\t\t\t\t\t<a href=\"https:\/\/grupomeza.es\/en\/grupo-meza-asiste-a-coffeefest-madrid-2026\/\">COFFEEFEST MADRID 2026<\/a>\n\t\t\t\t\t\t<\/h3><\/div>\n                <\/article>\n        <\/div><\/div><\/div>\t\t\t\t<\/div>\n\t\t\t\t<\/div>\n\t\t\t\t\t<\/div>\n\t\t\t\t<\/div>\n\t\t<div class=\"elementor-element elementor-element-64fbde72 e-flex e-con-boxed e-con e-child\" data-id=\"64fbde72\" data-element_type=\"container\" data-e-type=\"container\">\n\t\t\t\t\t<div class=\"e-con-inner\">\n\t\t\t\t<div class=\"elementor-element elementor-element-a85003f elementor-widget elementor-widget-jkit_post_block\" data-id=\"a85003f\" data-element_type=\"widget\" data-e-type=\"widget\" data-widget_type=\"jkit_post_block.default\">\n\t\t\t\t<div class=\"elementor-widget-container\">\n\t\t\t\t\t<div  class=\"jeg-elementor-kit jkit-postblock postblock-type-5 jkit-pagination-disable post-element jeg_module__1_69fb3d944b826\"  data-id=\"jeg_module__1_69fb3d944b826\" data-settings=\"{&quot;post_type&quot;:&quot;post&quot;,&quot;number_post&quot;:{&quot;unit&quot;:&quot;px&quot;,&quot;size&quot;:&quot;2&quot;,&quot;sizes&quot;:[]},&quot;post_offset&quot;:&quot;1&quot;,&quot;unique_content&quot;:&quot;disable&quot;,&quot;include_post&quot;:&quot;&quot;,&quot;exclude_post&quot;:&quot;&quot;,&quot;include_category&quot;:&quot;&quot;,&quot;exclude_category&quot;:&quot;&quot;,&quot;include_author&quot;:&quot;&quot;,&quot;include_tag&quot;:&quot;&quot;,&quot;exclude_tag&quot;:&quot;&quot;,&quot;product_brand&quot;:&quot;&quot;,&quot;product_cat&quot;:&quot;&quot;,&quot;product_tag&quot;:&quot;&quot;,&quot;sort_by&quot;:&quot;latest&quot;,&quot;pagination_mode&quot;:&quot;disable&quot;,&quot;pagination_loadmore_text&quot;:&quot;Load More&quot;,&quot;pagination_loading_text&quot;:&quot;Loading...&quot;,&quot;pagination_number_post&quot;:{&quot;unit&quot;:&quot;px&quot;,&quot;size&quot;:3,&quot;sizes&quot;:[]},&quot;pagination_scroll_limit&quot;:0,&quot;pagination_icon&quot;:{&quot;value&quot;:&quot;&quot;,&quot;library&quot;:&quot;&quot;},&quot;pagination_icon_position&quot;:&quot;before&quot;,&quot;st_category_position&quot;:&quot;center&quot;,&quot;sg_content_postblock_type&quot;:&quot;type-5&quot;,&quot;sg_content_element_order&quot;:&quot;meta,title&quot;,&quot;sg_content_breakpoint&quot;:&quot;tablet&quot;,&quot;sg_content_title_html_tag&quot;:&quot;h3&quot;,&quot;sg_content_category_enable&quot;:&quot;&quot;,&quot;sg_content_excerpt_enable&quot;:&quot;yes&quot;,&quot;sg_content_excerpt_length&quot;:{&quot;unit&quot;:&quot;px&quot;,&quot;size&quot;:&quot;30&quot;,&quot;sizes&quot;:[]},&quot;sg_content_excerpt_more&quot;:&quot;...&quot;,&quot;sg_content_readmore_enable&quot;:&quot;yes&quot;,&quot;sg_content_readmore_icon&quot;:{&quot;value&quot;:&quot;jki jki-right-arrow2-light&quot;,&quot;library&quot;:&quot;jkiticon&quot;},&quot;sg_content_readmore_icon_position&quot;:&quot;after&quot;,&quot;sg_content_readmore_text&quot;:&quot;Read More&quot;,&quot;sg_content_comment_enable&quot;:&quot;&quot;,&quot;sg_content_comment_icon&quot;:{&quot;value&quot;:&quot;fas fa-comment&quot;,&quot;library&quot;:&quot;fa-solid&quot;},&quot;sg_content_comment_icon_position&quot;:&quot;before&quot;,&quot;sg_content_meta_enable&quot;:&quot;yes&quot;,&quot;sg_content_meta_author_enable&quot;:&quot;&quot;,&quot;sg_content_meta_author_by_text&quot;:&quot;by&quot;,&quot;sg_content_meta_author_icon&quot;:{&quot;value&quot;:&quot;fas fa-user&quot;,&quot;library&quot;:&quot;fa-solid&quot;},&quot;sg_content_meta_author_icon_position&quot;:&quot;before&quot;,&quot;sg_content_meta_date_enable&quot;:&quot;yes&quot;,&quot;sg_content_meta_date_type&quot;:&quot;published&quot;,&quot;sg_content_meta_date_format&quot;:&quot;default&quot;,&quot;sg_content_meta_date_format_custom&quot;:&quot;F j, Y&quot;,&quot;sg_content_meta_date_icon&quot;:{&quot;value&quot;:&quot;fas fa-clock&quot;,&quot;library&quot;:&quot;fa-solid&quot;},&quot;sg_content_meta_date_icon_position&quot;:&quot;before&quot;,&quot;sg_content_image_size_imagesize_size&quot;:&quot;full&quot;,&quot;paged&quot;:1,&quot;class&quot;:&quot;jkit_post_block&quot;}\"><div class=\"jkit-block-container\"><div class=\"jkit-posts jkit-ajax-flag\">\n            <article class=\"jkit-post post-2685 post type-post status-publish format-standard has-post-thumbnail hentry category-uncategorized\">\n                    <div class=\"jkit-thumb\"><a aria-label=\"World of Coffee Ginebra 2025 \u2013 Grupo Meza exporta caf\u00e9 verde\" href=\"https:\/\/grupomeza.es\/en\/world-of-coffee-ginebra-2025-exportacion-cafe-verde\/\"><div class=\"thumbnail-container\">\n            <img loading=\"lazy\" decoding=\"async\" width=\"1200\" height=\"1600\" src=\"https:\/\/grupomeza.es\/wp-content\/uploads\/2025\/08\/WhatsApp-Image-2025-08-25-at-19.54.33-29.jpeg\" class=\"attachment-full size-full wp-post-image\" alt=\"\" srcset=\"https:\/\/grupomeza.es\/wp-content\/uploads\/2025\/08\/WhatsApp-Image-2025-08-25-at-19.54.33-29.jpeg 1200w, https:\/\/grupomeza.es\/wp-content\/uploads\/2025\/08\/WhatsApp-Image-2025-08-25-at-19.54.33-29-225x300.jpeg 225w, https:\/\/grupomeza.es\/wp-content\/uploads\/2025\/08\/WhatsApp-Image-2025-08-25-at-19.54.33-29-768x1024.jpeg 768w, https:\/\/grupomeza.es\/wp-content\/uploads\/2025\/08\/WhatsApp-Image-2025-08-25-at-19.54.33-29-1152x1536.jpeg 1152w, https:\/\/grupomeza.es\/wp-content\/uploads\/2025\/08\/WhatsApp-Image-2025-08-25-at-19.54.33-29-9x12.jpeg 9w, https:\/\/grupomeza.es\/wp-content\/uploads\/2025\/08\/WhatsApp-Image-2025-08-25-at-19.54.33-29-600x800.jpeg 600w\" sizes=\"auto, (max-width: 1200px) 100vw, 1200px\" \/>\n        <\/div><\/a><\/div>\n                    <div class=\"jkit-postblock-content\"><div class=\"jkit-post-meta\"><div class=\"jkit-meta-date icon-position-before\"><svg aria-hidden=\"true\" class=\"e-font-icon-svg e-fas-clock\" viewbox=\"0 0 512 512\" xmlns=\"http:\/\/www.w3.org\/2000\/svg\"><path d=\"M256,8C119,8,8,119,8,256S119,504,256,504,504,393,504,256,393,8,256,8Zm92.49,313h0l-20,25a16,16,0,0,1-22.49,2.5h0l-67-49.72a40,40,0,0,1-15-31.23V112a16,16,0,0,1,16-16h32a16,16,0,0,1,16,16V256l58,42.5A16,16,0,0,1,348.49,321Z\"><\/path><\/svg>26\/08\/2025<\/div><\/div><h3 class=\"jkit-post-title\">\n\t\t\t\t\t\t\t<a href=\"https:\/\/grupomeza.es\/en\/world-of-coffee-ginebra-2025-exportacion-cafe-verde\/\">World of Coffee Ginebra 2025 \u2013 Grupo Meza exporta caf\u00e9 verde<\/a>\n\t\t\t\t\t\t<\/h3><\/div>\n                <\/article><article class=\"jkit-post post-588 post type-post status-publish format-standard has-post-thumbnail hentry category-uncategorized\">\n                    <div class=\"jkit-thumb\"><a aria-label=\"Comercio justo caf\u00e9: impacto en productores de caf\u00e9 y cacao\" href=\"https:\/\/grupomeza.es\/en\/comercio-justo-cafe-cacao\/\"><div class=\"thumbnail-container\">\n            <img loading=\"lazy\" decoding=\"async\" width=\"1280\" height=\"720\" src=\"https:\/\/grupomeza.es\/wp-content\/uploads\/2025\/04\/container-8799283_1280.jpg\" class=\"attachment-full size-full wp-post-image\" alt=\"\" srcset=\"https:\/\/grupomeza.es\/wp-content\/uploads\/2025\/04\/container-8799283_1280.jpg 1280w, https:\/\/grupomeza.es\/wp-content\/uploads\/2025\/04\/container-8799283_1280-600x338.jpg 600w, https:\/\/grupomeza.es\/wp-content\/uploads\/2025\/04\/container-8799283_1280-300x169.jpg 300w, https:\/\/grupomeza.es\/wp-content\/uploads\/2025\/04\/container-8799283_1280-1024x576.jpg 1024w, https:\/\/grupomeza.es\/wp-content\/uploads\/2025\/04\/container-8799283_1280-768x432.jpg 768w\" sizes=\"auto, (max-width: 1280px) 100vw, 1280px\" \/>\n        <\/div><\/a><\/div>\n                    <div class=\"jkit-postblock-content\"><div class=\"jkit-post-meta\"><div class=\"jkit-meta-date icon-position-before\"><svg aria-hidden=\"true\" class=\"e-font-icon-svg e-fas-clock\" viewbox=\"0 0 512 512\" xmlns=\"http:\/\/www.w3.org\/2000\/svg\"><path d=\"M256,8C119,8,8,119,8,256S119,504,256,504,504,393,504,256,393,8,256,8Zm92.49,313h0l-20,25a16,16,0,0,1-22.49,2.5h0l-67-49.72a40,40,0,0,1-15-31.23V112a16,16,0,0,1,16-16h32a16,16,0,0,1,16,16V256l58,42.5A16,16,0,0,1,348.49,321Z\"><\/path><\/svg>29\/04\/2025<\/div><\/div><h3 class=\"jkit-post-title\">\n\t\t\t\t\t\t\t<a href=\"https:\/\/grupomeza.es\/en\/comercio-justo-cafe-cacao\/\">Comercio justo caf\u00e9: impacto en productores de caf\u00e9 y cacao<\/a>\n\t\t\t\t\t\t<\/h3><\/div>\n                <\/article>\n        <\/div><\/div><\/div>\t\t\t\t<\/div>\n\t\t\t\t<\/div>\n\t\t\t\t\t<\/div>\n\t\t\t\t<\/div>\n\t\t\t\t\t<\/div>\n\t\t\t\t<\/div>\n\t\t\t\t\t<\/div>\n\t\t\t\t<\/div>\n\t\t\t\t<\/div>","protected":false},"excerpt":{"rendered":"<p>Blog Inicio Blog edit post 29\/04\/2025 \ud83c\udf0d El impacto del comercio justo en el sector del caf\u00e9 y cacao edit post 29\/04\/2025 La importaci\u00f3n de cacao a granel: Clave para una industria sostenible edit post 29\/04\/2025 \ud83c\udf31 La creciente demanda global de caf\u00e9 de origen sostenible<\/p>","protected":false},"author":4,"featured_media":0,"parent":0,"menu_order":0,"comment_status":"closed","ping_status":"closed","template":"page-templates\/template-pagebuilder-full-width.php","meta":{"neve_meta_sidebar":"","neve_meta_container":"","neve_meta_enable_content_width":"off","neve_meta_content_width":100,"neve_meta_title_alignment":"","neve_meta_author_avatar":"","neve_post_elements_order":"","neve_meta_disable_header":"","neve_meta_disable_footer":"","neve_meta_disable_title":"","neve_meta_reading_time":"","_joinchat":[],"footnotes":""},"class_list":["post-608","page","type-page","status-publish","hentry"],"yoast_head":"<!-- This site is optimized with the Yoast SEO plugin v27.5 - https:\/\/yoast.com\/product\/yoast-seo-wordpress\/ -->\n<title>Blog Grupo Meza | Noticias y Art\u00edculos sobre Caf\u00e9 y Cacao<\/title>\n<meta name=\"description\" content=\"Lee los \u00faltimos art\u00edculos y noticias sobre caf\u00e9, cacao y comercio internacional. \u00a1Mantente actualizado y aprende de los expertos!\" \/>\n<meta name=\"robots\" content=\"index, follow, max-snippet:-1, max-image-preview:large, max-video-preview:-1\" \/>\n<link rel=\"canonical\" href=\"https:\/\/grupomeza.es\/en\/blog\/\" \/>\n<meta property=\"og:locale\" content=\"en_GB\" \/>\n<meta property=\"og:type\" content=\"article\" \/>\n<meta property=\"og:title\" content=\"Blog Grupo Meza | Noticias y Art\u00edculos sobre Caf\u00e9 y Cacao\" \/>\n<meta property=\"og:description\" content=\"Lee los \u00faltimos art\u00edculos y noticias sobre caf\u00e9, cacao y comercio internacional. \u00a1Mantente actualizado y aprende de los expertos!\" \/>\n<meta property=\"og:url\" content=\"https:\/\/grupomeza.es\/en\/blog\/\" \/>\n<meta property=\"og:site_name\" content=\"GRUPO MEZA - Importaci\u00f3n y Exportaci\u00f3n\" \/>\n<meta property=\"article:modified_time\" content=\"2025-06-04T11:33:33+00:00\" \/>\n<meta property=\"og:image\" content=\"https:\/\/grupomeza.es\/wp-content\/uploads\/2025\/04\/container-8799283_1280.jpg\" \/>\n<meta name=\"twitter:card\" content=\"summary_large_image\" \/>\n<meta name=\"twitter:label1\" content=\"Estimated reading time\" \/>\n\t<meta name=\"twitter:data1\" content=\"1 minute\" \/>\n<script type=\"application\/ld+json\" class=\"yoast-schema-graph\">{\"@context\":\"https:\\\/\\\/schema.org\",\"@graph\":[{\"@type\":\"WebPage\",\"@id\":\"https:\\\/\\\/grupomeza.es\\\/blog\\\/\",\"url\":\"https:\\\/\\\/grupomeza.es\\\/blog\\\/\",\"name\":\"Blog Grupo Meza | Noticias y Art\u00edculos sobre Caf\u00e9 y Cacao\",\"isPartOf\":{\"@id\":\"https:\\\/\\\/grupomeza.es\\\/#website\"},\"primaryImageOfPage\":{\"@id\":\"https:\\\/\\\/grupomeza.es\\\/blog\\\/#primaryimage\"},\"image\":{\"@id\":\"https:\\\/\\\/grupomeza.es\\\/blog\\\/#primaryimage\"},\"thumbnailUrl\":\"https:\\\/\\\/grupomeza.es\\\/wp-content\\\/uploads\\\/2025\\\/04\\\/container-8799283_1280.jpg\",\"datePublished\":\"2025-04-29T14:02:08+00:00\",\"dateModified\":\"2025-06-04T11:33:33+00:00\",\"description\":\"Lee los \u00faltimos art\u00edculos y noticias sobre caf\u00e9, cacao y comercio internacional. \u00a1Mantente actualizado y aprende de los expertos!\",\"breadcrumb\":{\"@id\":\"https:\\\/\\\/grupomeza.es\\\/blog\\\/#breadcrumb\"},\"inLanguage\":\"en-GB\",\"potentialAction\":[{\"@type\":\"ReadAction\",\"target\":[\"https:\\\/\\\/grupomeza.es\\\/blog\\\/\"]}]},{\"@type\":\"ImageObject\",\"inLanguage\":\"en-GB\",\"@id\":\"https:\\\/\\\/grupomeza.es\\\/blog\\\/#primaryimage\",\"url\":\"https:\\\/\\\/grupomeza.es\\\/wp-content\\\/uploads\\\/2025\\\/04\\\/container-8799283_1280.jpg\",\"contentUrl\":\"https:\\\/\\\/grupomeza.es\\\/wp-content\\\/uploads\\\/2025\\\/04\\\/container-8799283_1280.jpg\"},{\"@type\":\"BreadcrumbList\",\"@id\":\"https:\\\/\\\/grupomeza.es\\\/blog\\\/#breadcrumb\",\"itemListElement\":[{\"@type\":\"ListItem\",\"position\":1,\"name\":\"Portada\",\"item\":\"https:\\\/\\\/grupomeza.es\\\/\"},{\"@type\":\"ListItem\",\"position\":2,\"name\":\"Blog\"}]},{\"@type\":\"WebSite\",\"@id\":\"https:\\\/\\\/grupomeza.es\\\/#website\",\"url\":\"https:\\\/\\\/grupomeza.es\\\/\",\"name\":\"GRUPO MEZA - Importaci\u00f3n y Exportaci\u00f3n\",\"description\":\"En Grupo Meza somos una empresa joven y din\u00e1mica, especializada en la importaci\u00f3n y exportaci\u00f3n de caf\u00e9 verde de alta calidad y en consultor\u00eda empresarial para negocios del sector agroalimentario.\",\"potentialAction\":[{\"@type\":\"SearchAction\",\"target\":{\"@type\":\"EntryPoint\",\"urlTemplate\":\"https:\\\/\\\/grupomeza.es\\\/?s={search_term_string}\"},\"query-input\":{\"@type\":\"PropertyValueSpecification\",\"valueRequired\":true,\"valueName\":\"search_term_string\"}}],\"inLanguage\":\"en-GB\"}]}<\/script>\n<!-- \/ Yoast SEO plugin. -->","yoast_head_json":{"title":"Blog Grupo Meza | Noticias y Art\u00edculos sobre Caf\u00e9 y Cacao","description":"Lee los \u00faltimos art\u00edculos y noticias sobre caf\u00e9, cacao y comercio internacional. \u00a1Mantente actualizado y aprende de los expertos!","robots":{"index":"index","follow":"follow","max-snippet":"max-snippet:-1","max-image-preview":"max-image-preview:large","max-video-preview":"max-video-preview:-1"},"canonical":"https:\/\/grupomeza.es\/en\/blog\/","og_locale":"en_GB","og_type":"article","og_title":"Blog Grupo Meza | Noticias y Art\u00edculos sobre Caf\u00e9 y Cacao","og_description":"Lee los \u00faltimos art\u00edculos y noticias sobre caf\u00e9, cacao y comercio internacional. \u00a1Mantente actualizado y aprende de los expertos!","og_url":"https:\/\/grupomeza.es\/en\/blog\/","og_site_name":"GRUPO MEZA - Importaci\u00f3n y Exportaci\u00f3n","article_modified_time":"2025-06-04T11:33:33+00:00","og_image":[{"url":"https:\/\/grupomeza.es\/wp-content\/uploads\/2025\/04\/container-8799283_1280.jpg","type":"","width":"","height":""}],"twitter_card":"summary_large_image","twitter_misc":{"Estimated reading time":"1 minute"},"schema":{"@context":"https:\/\/schema.org","@graph":[{"@type":"WebPage","@id":"https:\/\/grupomeza.es\/blog\/","url":"https:\/\/grupomeza.es\/blog\/","name":"Blog Grupo Meza | Noticias y Art\u00edculos sobre Caf\u00e9 y Cacao","isPartOf":{"@id":"https:\/\/grupomeza.es\/#website"},"primaryImageOfPage":{"@id":"https:\/\/grupomeza.es\/blog\/#primaryimage"},"image":{"@id":"https:\/\/grupomeza.es\/blog\/#primaryimage"},"thumbnailUrl":"https:\/\/grupomeza.es\/wp-content\/uploads\/2025\/04\/container-8799283_1280.jpg","datePublished":"2025-04-29T14:02:08+00:00","dateModified":"2025-06-04T11:33:33+00:00","description":"Lee los \u00faltimos art\u00edculos y noticias sobre caf\u00e9, cacao y comercio internacional. \u00a1Mantente actualizado y aprende de los expertos!","breadcrumb":{"@id":"https:\/\/grupomeza.es\/blog\/#breadcrumb"},"inLanguage":"en-GB","potentialAction":[{"@type":"ReadAction","target":["https:\/\/grupomeza.es\/blog\/"]}]},{"@type":"ImageObject","inLanguage":"en-GB","@id":"https:\/\/grupomeza.es\/blog\/#primaryimage","url":"https:\/\/grupomeza.es\/wp-content\/uploads\/2025\/04\/container-8799283_1280.jpg","contentUrl":"https:\/\/grupomeza.es\/wp-content\/uploads\/2025\/04\/container-8799283_1280.jpg"},{"@type":"BreadcrumbList","@id":"https:\/\/grupomeza.es\/blog\/#breadcrumb","itemListElement":[{"@type":"ListItem","position":1,"name":"Portada","item":"https:\/\/grupomeza.es\/"},{"@type":"ListItem","position":2,"name":"Blog"}]},{"@type":"WebSite","@id":"https:\/\/grupomeza.es\/#website","url":"https:\/\/grupomeza.es\/","name":"GRUPO MEZA - Importaci\u00f3n y Exportaci\u00f3n","description":"En Grupo Meza somos una empresa joven y din\u00e1mica, especializada en la importaci\u00f3n y exportaci\u00f3n de caf\u00e9 verde de alta calidad y en consultor\u00eda empresarial para negocios del sector agroalimentario.","potentialAction":[{"@type":"SearchAction","target":{"@type":"EntryPoint","urlTemplate":"https:\/\/grupomeza.es\/?s={search_term_string}"},"query-input":{"@type":"PropertyValueSpecification","valueRequired":true,"valueName":"search_term_string"}}],"inLanguage":"en-GB"}]}},"_links":{"self":[{"href":"https:\/\/grupomeza.es\/en\/wp-json\/wp\/v2\/pages\/608","targetHints":{"allow":["GET"]}}],"collection":[{"href":"https:\/\/grupomeza.es\/en\/wp-json\/wp\/v2\/pages"}],"about":[{"href":"https:\/\/grupomeza.es\/en\/wp-json\/wp\/v2\/types\/page"}],"author":[{"embeddable":true,"href":"https:\/\/grupomeza.es\/en\/wp-json\/wp\/v2\/users\/4"}],"replies":[{"embeddable":true,"href":"https:\/\/grupomeza.es\/en\/wp-json\/wp\/v2\/comments?post=608"}],"version-history":[{"count":8,"href":"https:\/\/grupomeza.es\/en\/wp-json\/wp\/v2\/pages\/608\/revisions"}],"predecessor-version":[{"id":2568,"href":"https:\/\/grupomeza.es\/en\/wp-json\/wp\/v2\/pages\/608\/revisions\/2568"}],"wp:attachment":[{"href":"https:\/\/grupomeza.es\/en\/wp-json\/wp\/v2\/media?parent=608"}],"curies":[{"name":"wp","href":"https:\/\/api.w.org\/{rel}","templated":true}]}}