{"id":2381,"date":"2025-05-21T12:57:28","date_gmt":"2025-05-21T10:57:28","guid":{"rendered":"https:\/\/grupomeza.es\/?page_id=2381"},"modified":"2025-05-21T12:58:55","modified_gmt":"2025-05-21T10:58:55","slug":"aviso-legal","status":"publish","type":"page","link":"https:\/\/grupomeza.es\/en\/aviso-legal\/","title":{"rendered":"Legal notice"},"content":{"rendered":"<div data-elementor-type=\"wp-page\" data-elementor-id=\"2381\" class=\"elementor elementor-2381\" data-elementor-post-type=\"page\">\n\t\t\t\t<div class=\"elementor-element elementor-element-577d8280 e-flex e-con-boxed e-con e-parent\" data-id=\"577d8280\" data-element_type=\"container\" data-e-type=\"container\" data-settings=\"{&quot;background_background&quot;:&quot;classic&quot;}\">\n\t\t\t\t\t<div class=\"e-con-inner\">\n\t\t\t\t\t<\/div>\n\t\t\t\t<\/div>\n\t\t<div class=\"elementor-element elementor-element-1004343 e-flex e-con-boxed e-con e-parent\" data-id=\"1004343\" data-element_type=\"container\" data-e-type=\"container\">\n\t\t\t\t\t<div class=\"e-con-inner\">\n\t\t\t\t<div class=\"elementor-element elementor-element-9a32f3c elementor-widget elementor-widget-text-editor\" data-id=\"9a32f3c\" data-element_type=\"widget\" data-e-type=\"widget\" data-widget_type=\"text-editor.default\">\n\t\t\t\t<div class=\"elementor-widget-container\">\n\t\t\t\t\t\t\t\t\t<p>In compliance with the provisions of Law 34\/2002, of 11 July, on Services of the Information Society and Electronic Commerce (LSSI-CE), we inform you of the following legal aspects of this website:<\/p><p><strong>Ownership of Website<\/strong><\/p><ul><li><strong>Social reason<\/strong>: GROUP MEZA CONSULTANCY SERVICES AND MANAGEMENT, SL<\/li><li><strong>CIF<\/strong>: B05533955<\/li><li><strong>Address tax and social<\/strong>: AVDA ALEJANDRO VALVERDE, 126 \u2013 2E<\/li><li><strong>E-mail<\/strong>: <a class=\"css-1rn59kg\" title=\"mailto:direccion@grupomeza.es\" href=\"mailto:direccion@grupomeza.es\" data-testid=\"link-with-safety\" data-renderer-mark=\"true\">direccion@grupomeza.es<\/a><\/li><\/ul><p><strong>Terms of use<\/strong><\/p><p>Access to and use of the web site GROUP MEZA CONSULTANCY SERVICES AND MANAGEMENT, SL confers the condition of user and implies the full and unreserved acceptance of each and every one of the provisions included in this Legal Notice in the version published by GROUP MEZA CONSULTANCY SERVICES AND MANAGEMENT, SL the same time the user accesses the website.<\/p><p><strong>Intellectual and Industrial property<\/strong><\/p><p>All contents on the website, which is understood, but not limited to, text, photographs, graphics, images, icons, technology, software, and other audiovisual or sound content, as well as its graphic design and source codes are the intellectual property of GROUP MEZA CONSULTANCY SERVICES AND MANAGEMENT, SL, without being transferred to the user none of the exploitation rights over them beyond what is strictly necessary for the correct use of the website.<\/p><p><strong>Data protection<\/strong><\/p><p>GROUP MEZA CONSULTANCY SERVICES AND MANAGEMENT, SL complies with the current regulations on data protection, and ensures the correct management of the personal data that may be collected through the contact forms on the website, in accordance with the provisions of Regulation (EU) 2016\/679 (General Regulation on Data Protection).<\/p><p><strong>Liability for Contents<\/strong><\/p><p>GROUP MEZA CONSULTANCY SERVICES AND MANAGEMENT, SL is not responsible for the legality of other third party websites from which you accessed this website. Not be liable for the legality of other third party websites that may be linked to or linked from this web site.<\/p><p><strong>Applicable legislation and Jurisdiction<\/strong><\/p><p>The relationship between GROUP MEZA CONSULTANCY SERVICES AND MANAGEMENT SL and the user shall be governed by current Spanish regulations and any controversy will be submitted to the Courts and Tribunals of the city of <em>Barcelona<\/em>, unless applicable law provides otherwise.<\/p><hr \/><p>For more information or any doubt about this Legal Notice, please contact us via e-mail: <a class=\"css-1rn59kg\" title=\"mailto:direccion@grupomeza.es\" href=\"mailto:direccion@grupomeza.es\" data-testid=\"link-with-safety\" data-renderer-mark=\"true\">direccion@grupomeza.es<\/a><\/p>\t\t\t\t\t\t\t\t<\/div>\n\t\t\t\t<\/div>\n\t\t\t\t\t<\/div>\n\t\t\t\t<\/div>\n\t\t\t\t<\/div>","protected":false},"excerpt":{"rendered":"<p>En cumplimiento con lo dispuesto en la Ley 34\/2002, de 11 de julio, de Servicios de la Sociedad de la Informaci\u00f3n y de Comercio Electr\u00f3nico (LSSI-CE), se informa de los siguientes aspectos legales de este sitio web: Titularidad del Sitio Web Raz\u00f3n social: GRUPO MEZA CONSULTOR\u00cdA GESTI\u00d3N Y SERVICIOS, S.L. CIF: B05533955 Domicilio fiscal y&hellip;&nbsp;<a href=\"https:\/\/grupomeza.es\/en\/aviso-legal\/\" rel=\"bookmark\"><span class=\"screen-reader-text\">Legal notice<\/span><\/a><\/p>","protected":false},"author":4,"featured_media":0,"parent":0,"menu_order":0,"comment_status":"closed","ping_status":"closed","template":"page-templates\/template-pagebuilder-full-width.php","meta":{"neve_meta_sidebar":"","neve_meta_container":"","neve_meta_enable_content_width":"off","neve_meta_content_width":100,"neve_meta_title_alignment":"","neve_meta_author_avatar":"","neve_post_elements_order":"","neve_meta_disable_header":"","neve_meta_disable_footer":"","neve_meta_disable_title":"","neve_meta_reading_time":"","_joinchat":[],"footnotes":""},"class_list":["post-2381","page","type-page","status-publish","hentry"],"yoast_head":"<!-- This site is optimized with the Yoast SEO plugin v27.5 - https:\/\/yoast.com\/product\/yoast-seo-wordpress\/ -->\n<title>Aviso legal - GRUPO MEZA - Importaci\u00f3n y Exportaci\u00f3n<\/title>\n<meta name=\"robots\" content=\"index, follow, max-snippet:-1, max-image-preview:large, max-video-preview:-1\" \/>\n<link rel=\"canonical\" href=\"https:\/\/grupomeza.es\/en\/aviso-legal\/\" \/>\n<meta property=\"og:locale\" content=\"en_GB\" \/>\n<meta property=\"og:type\" content=\"article\" \/>\n<meta property=\"og:title\" content=\"Aviso legal - GRUPO MEZA - Importaci\u00f3n y Exportaci\u00f3n\" \/>\n<meta property=\"og:description\" content=\"En cumplimiento con lo dispuesto en la Ley 34\/2002, de 11 de julio, de Servicios de la Sociedad de la Informaci\u00f3n y de Comercio Electr\u00f3nico (LSSI-CE), se informa de los siguientes aspectos legales de este sitio web: Titularidad del Sitio Web Raz\u00f3n social: GRUPO MEZA CONSULTOR\u00cdA GESTI\u00d3N Y SERVICIOS, S.L. CIF: B05533955 Domicilio fiscal y&hellip;&nbsp;Aviso legal\" \/>\n<meta property=\"og:url\" content=\"https:\/\/grupomeza.es\/en\/aviso-legal\/\" \/>\n<meta property=\"og:site_name\" content=\"GRUPO MEZA - Importaci\u00f3n y Exportaci\u00f3n\" \/>\n<meta property=\"article:modified_time\" content=\"2025-05-21T10:58:55+00:00\" \/>\n<meta name=\"twitter:card\" content=\"summary_large_image\" \/>\n<meta name=\"twitter:label1\" content=\"Estimated reading time\" \/>\n\t<meta name=\"twitter:data1\" content=\"2 minutes\" \/>\n<script type=\"application\/ld+json\" class=\"yoast-schema-graph\">{\"@context\":\"https:\\\/\\\/schema.org\",\"@graph\":[{\"@type\":\"WebPage\",\"@id\":\"https:\\\/\\\/grupomeza.es\\\/aviso-legal\\\/\",\"url\":\"https:\\\/\\\/grupomeza.es\\\/aviso-legal\\\/\",\"name\":\"Aviso legal - GRUPO MEZA - Importaci\u00f3n y Exportaci\u00f3n\",\"isPartOf\":{\"@id\":\"https:\\\/\\\/grupomeza.es\\\/#website\"},\"datePublished\":\"2025-05-21T10:57:28+00:00\",\"dateModified\":\"2025-05-21T10:58:55+00:00\",\"breadcrumb\":{\"@id\":\"https:\\\/\\\/grupomeza.es\\\/aviso-legal\\\/#breadcrumb\"},\"inLanguage\":\"en-GB\",\"potentialAction\":[{\"@type\":\"ReadAction\",\"target\":[\"https:\\\/\\\/grupomeza.es\\\/aviso-legal\\\/\"]}]},{\"@type\":\"BreadcrumbList\",\"@id\":\"https:\\\/\\\/grupomeza.es\\\/aviso-legal\\\/#breadcrumb\",\"itemListElement\":[{\"@type\":\"ListItem\",\"position\":1,\"name\":\"Portada\",\"item\":\"https:\\\/\\\/grupomeza.es\\\/\"},{\"@type\":\"ListItem\",\"position\":2,\"name\":\"Aviso legal\"}]},{\"@type\":\"WebSite\",\"@id\":\"https:\\\/\\\/grupomeza.es\\\/#website\",\"url\":\"https:\\\/\\\/grupomeza.es\\\/\",\"name\":\"GRUPO MEZA - Importaci\u00f3n y Exportaci\u00f3n\",\"description\":\"En Grupo Meza somos una empresa joven y din\u00e1mica, especializada en la importaci\u00f3n y exportaci\u00f3n de caf\u00e9 verde de alta calidad y en consultor\u00eda empresarial para negocios del sector agroalimentario.\",\"potentialAction\":[{\"@type\":\"SearchAction\",\"target\":{\"@type\":\"EntryPoint\",\"urlTemplate\":\"https:\\\/\\\/grupomeza.es\\\/?s={search_term_string}\"},\"query-input\":{\"@type\":\"PropertyValueSpecification\",\"valueRequired\":true,\"valueName\":\"search_term_string\"}}],\"inLanguage\":\"en-GB\"}]}<\/script>\n<!-- \/ Yoast SEO plugin. -->","yoast_head_json":{"title":"Aviso legal - GRUPO MEZA - Importaci\u00f3n y Exportaci\u00f3n","robots":{"index":"index","follow":"follow","max-snippet":"max-snippet:-1","max-image-preview":"max-image-preview:large","max-video-preview":"max-video-preview:-1"},"canonical":"https:\/\/grupomeza.es\/en\/aviso-legal\/","og_locale":"en_GB","og_type":"article","og_title":"Aviso legal - GRUPO MEZA - Importaci\u00f3n y Exportaci\u00f3n","og_description":"En cumplimiento con lo dispuesto en la Ley 34\/2002, de 11 de julio, de Servicios de la Sociedad de la Informaci\u00f3n y de Comercio Electr\u00f3nico (LSSI-CE), se informa de los siguientes aspectos legales de este sitio web: Titularidad del Sitio Web Raz\u00f3n social: GRUPO MEZA CONSULTOR\u00cdA GESTI\u00d3N Y SERVICIOS, S.L. CIF: B05533955 Domicilio fiscal y&hellip;&nbsp;Aviso legal","og_url":"https:\/\/grupomeza.es\/en\/aviso-legal\/","og_site_name":"GRUPO MEZA - Importaci\u00f3n y Exportaci\u00f3n","article_modified_time":"2025-05-21T10:58:55+00:00","twitter_card":"summary_large_image","twitter_misc":{"Estimated reading time":"2 minutes"},"schema":{"@context":"https:\/\/schema.org","@graph":[{"@type":"WebPage","@id":"https:\/\/grupomeza.es\/aviso-legal\/","url":"https:\/\/grupomeza.es\/aviso-legal\/","name":"Aviso legal - GRUPO MEZA - Importaci\u00f3n y Exportaci\u00f3n","isPartOf":{"@id":"https:\/\/grupomeza.es\/#website"},"datePublished":"2025-05-21T10:57:28+00:00","dateModified":"2025-05-21T10:58:55+00:00","breadcrumb":{"@id":"https:\/\/grupomeza.es\/aviso-legal\/#breadcrumb"},"inLanguage":"en-GB","potentialAction":[{"@type":"ReadAction","target":["https:\/\/grupomeza.es\/aviso-legal\/"]}]},{"@type":"BreadcrumbList","@id":"https:\/\/grupomeza.es\/aviso-legal\/#breadcrumb","itemListElement":[{"@type":"ListItem","position":1,"name":"Portada","item":"https:\/\/grupomeza.es\/"},{"@type":"ListItem","position":2,"name":"Aviso legal"}]},{"@type":"WebSite","@id":"https:\/\/grupomeza.es\/#website","url":"https:\/\/grupomeza.es\/","name":"GRUPO MEZA - Importaci\u00f3n y Exportaci\u00f3n","description":"En Grupo Meza somos una empresa joven y din\u00e1mica, especializada en la importaci\u00f3n y exportaci\u00f3n de caf\u00e9 verde de alta calidad y en consultor\u00eda empresarial para negocios del sector agroalimentario.","potentialAction":[{"@type":"SearchAction","target":{"@type":"EntryPoint","urlTemplate":"https:\/\/grupomeza.es\/?s={search_term_string}"},"query-input":{"@type":"PropertyValueSpecification","valueRequired":true,"valueName":"search_term_string"}}],"inLanguage":"en-GB"}]}},"_links":{"self":[{"href":"https:\/\/grupomeza.es\/en\/wp-json\/wp\/v2\/pages\/2381","targetHints":{"allow":["GET"]}}],"collection":[{"href":"https:\/\/grupomeza.es\/en\/wp-json\/wp\/v2\/pages"}],"about":[{"href":"https:\/\/grupomeza.es\/en\/wp-json\/wp\/v2\/types\/page"}],"author":[{"embeddable":true,"href":"https:\/\/grupomeza.es\/en\/wp-json\/wp\/v2\/users\/4"}],"replies":[{"embeddable":true,"href":"https:\/\/grupomeza.es\/en\/wp-json\/wp\/v2\/comments?post=2381"}],"version-history":[{"count":4,"href":"https:\/\/grupomeza.es\/en\/wp-json\/wp\/v2\/pages\/2381\/revisions"}],"predecessor-version":[{"id":2385,"href":"https:\/\/grupomeza.es\/en\/wp-json\/wp\/v2\/pages\/2381\/revisions\/2385"}],"wp:attachment":[{"href":"https:\/\/grupomeza.es\/en\/wp-json\/wp\/v2\/media?parent=2381"}],"curies":[{"name":"wp","href":"https:\/\/api.w.org\/{rel}","templated":true}]}}