{"id":2371,"date":"2025-05-21T12:53:01","date_gmt":"2025-05-21T10:53:01","guid":{"rendered":"https:\/\/grupomeza.es\/?page_id=2371"},"modified":"2025-05-21T12:55:12","modified_gmt":"2025-05-21T10:55:12","slug":"politica-de-privacidad","status":"publish","type":"page","link":"https:\/\/grupomeza.es\/en\/politica-de-privacidad\/","title":{"rendered":"Privacy policy"},"content":{"rendered":"<div data-elementor-type=\"wp-page\" data-elementor-id=\"2371\" class=\"elementor elementor-2371\" data-elementor-post-type=\"page\">\n\t\t\t\t<div class=\"elementor-element elementor-element-577d8280 e-flex e-con-boxed e-con e-parent\" data-id=\"577d8280\" data-element_type=\"container\" data-e-type=\"container\" data-settings=\"{&quot;background_background&quot;:&quot;classic&quot;}\">\n\t\t\t\t\t<div class=\"e-con-inner\">\n\t\t\t\t\t<\/div>\n\t\t\t\t<\/div>\n\t\t<div class=\"elementor-element elementor-element-1004343 e-flex e-con-boxed e-con e-parent\" data-id=\"1004343\" data-element_type=\"container\" data-e-type=\"container\">\n\t\t\t\t\t<div class=\"e-con-inner\">\n\t\t\t\t<div class=\"elementor-element elementor-element-9a32f3c elementor-widget elementor-widget-text-editor\" data-id=\"9a32f3c\" data-element_type=\"widget\" data-e-type=\"widget\" data-widget_type=\"text-editor.default\">\n\t\t\t\t<div class=\"elementor-widget-container\">\n\t\t\t\t\t\t\t\t\t<p>In GROUP MEZA CONSULTANCY SERVICES AND MANAGEMENT, SL we are committed to protecting the privacy and personal data of our users. This Privacy Policy aims to inform you about how we collect, use, protect and share your personal information when you access our website and services.<\/p><hr \/><p><strong>1. Responsible for the Treatment<\/strong><\/p><ul><li><p><strong>Name: GROUP MEZA CONSULTANCY SERVICES AND MANAGEMENT, SL<\/strong><\/p><\/li><li><p><strong>NIF\/NIT:<\/strong> B05533955<\/p><\/li><li><p><strong>Address:<\/strong> AVDA ALEJANDRO VALVERDE, 126 \u2013 2E<\/p><\/li><li><p><strong>E-mail:<\/strong> <a class=\"css-1rn59kg\" title=\"mailto:direccion@grupomeza.es\" href=\"mailto:direccion@grupomeza.es\" data-testid=\"link-with-safety\" data-renderer-mark=\"true\">direccion@grupomeza.es<\/a><\/p><\/li><li><p><strong>Phone:<\/strong> +34623932225<\/p><\/li><\/ul><hr \/><p><strong>2. Personal Data Collected<\/strong><\/p><p>In GROUP MEZA CONSULTANCY SERVICES AND MANAGEMENT, SL collect the following personal data through our website:<\/p><ul><li><p><strong>Identifying data:<\/strong>\u00a0First name, last name, email address, telephone number, physical address.<\/p><\/li><li><p><strong>Navigation data:<\/strong>\u00a0IP address, browser type, pages visited, time spent on site, clicks, and other data derived from the interaction with our website.<\/p><\/li><\/ul><hr \/><p><strong>3. Purposes of the Processing of Personal Data<\/strong><\/p><p>The personal data that we collect are used for the following purposes:<\/p><ul><li><p><strong>To provide our services:<\/strong>\u00a0Manage the requests of our users, such as for the purchase of products or services.<\/p><\/li><li><p><strong>Commercial communication:<\/strong>\u00a0To send you information about our products, services, special offers and promotions if the user has given his consent to do this.<\/p><\/li><li><p><strong>Improvement of the user experience:<\/strong>\u00a0To analyze the navigation of users on the site to improve the functionality and quality of the same.<\/p><\/li><li><p><strong>Fulfilment of legal obligations:<\/strong>\u00a0Comply with our legal obligations and tax.<\/p><\/li><\/ul><hr \/><p><strong>4. Legitimation for the Treatment of the Data<\/strong><\/p><p>The processing of your personal data is based on the following legal bases:<\/p><ul><li><p><strong>Execution of a contract:<\/strong>\u00a0When the data are necessary for the management of the contracted services.<\/p><\/li><li><p><strong>Consent:<\/strong>\u00a0When you give us your consent for the sending of commercial communications, by subscribing to our newsletter or make a registration on the web site.<\/p><\/li><li><p><strong>Legitimate interest:<\/strong>\u00a0For purposes of continuous improvement of the website by analyzing user preferences and personalizing your experience.<\/p><\/li><\/ul><hr \/><p><strong>5. Conservation of Personal Data<\/strong><\/p><p>We retain the personal data for the time necessary to fulfill the purposes for which it was collected and to comply with the legal obligations.<\/p><p>In case not to use the personal data for commercial purposes, or service, will proceed to its removal or anonymization.<\/p><hr \/><p><strong>6. Recipients of Personal Data<\/strong><\/p><p>The personal data that we collect will not be sold or transferred to third parties, except in the following cases:<\/p><ul><li><p><strong>External service providers:<\/strong>\u00a0We may share your data with service providers that help us to operate the website, such as web hosting, online payment services, or tools of analysis, provided that these service providers to respect the privacy policy.<\/p><\/li><li><p><strong>Legal obligations:<\/strong>\u00a0The data may be disclosed when necessary to comply with a legal obligation or a competent authority.<\/p><\/li><\/ul><hr \/><p><strong>7. Rights of Users<\/strong><\/p><p>You have the right to:<\/p><ul><li><p><strong>Access<\/strong>\u00a0your personal data and obtain confirmation regarding the treatment of the same.<\/p><\/li><li><p><strong>Rectify<\/strong>\u00a0your data if it is inaccurate or incomplete.<\/p><\/li><li><p><strong>Delete<\/strong>\u00a0your data when no longer needed for the purposes of the treatment.<\/p><\/li><li><p><strong>Oppose<\/strong>\u00a0the processing of your data for certain purposes.<\/p><\/li><li><p><strong>Limit<\/strong>\u00a0the processing of your data in certain circumstances.<\/p><\/li><li><p><strong>Strip<\/strong>\u00a0your data to another data controller.<\/p><\/li><\/ul><hr \/><p><strong>8. Contact<\/strong><\/p><p>To exert your rights, or to resolve any questions regarding our privacy policy, you can contact us by the following means:<\/p><ul><li><p><strong>Postal mail:<\/strong> AVDA ALEJANDRO VALVERDE, 126 \u2013 2E<\/p><\/li><li><p><strong>E-mail:<\/strong> <a class=\"css-1rn59kg\" title=\"mailto:direccion@grupomeza.es\" href=\"mailto:direccion@grupomeza.es\" data-testid=\"link-with-safety\" data-renderer-mark=\"true\">direccion@grupomeza.es<\/a><\/p><\/li><li><p><strong>Phone:<\/strong> +34623932225<\/p><\/li><\/ul>\t\t\t\t\t\t\t\t<\/div>\n\t\t\t\t<\/div>\n\t\t\t\t\t<\/div>\n\t\t\t\t<\/div>\n\t\t\t\t<\/div>","protected":false},"excerpt":{"rendered":"<p>En GRUPO MEZA CONSULTOR\u00cdA GESTI\u00d3N Y SERVICIOS, S.L.\u00a0nos comprometemos a proteger la privacidad y los datos personales de nuestros usuarios. Esta Pol\u00edtica de Privacidad tiene como objetivo informarte sobre c\u00f3mo recopilamos, utilizamos, protegemos y compartimos tu informaci\u00f3n personal cuando accedes a nuestro sitio web y servicios. 1. Responsable del Tratamiento Nombre: GRUPO MEZA CONSULTOR\u00cdA GESTI\u00d3N&hellip;&nbsp;<a href=\"https:\/\/grupomeza.es\/en\/politica-de-privacidad\/\" rel=\"bookmark\"><span class=\"screen-reader-text\">Privacy policy<\/span><\/a><\/p>","protected":false},"author":4,"featured_media":0,"parent":0,"menu_order":0,"comment_status":"closed","ping_status":"closed","template":"page-templates\/template-pagebuilder-full-width.php","meta":{"neve_meta_sidebar":"","neve_meta_container":"","neve_meta_enable_content_width":"off","neve_meta_content_width":100,"neve_meta_title_alignment":"","neve_meta_author_avatar":"","neve_post_elements_order":"","neve_meta_disable_header":"","neve_meta_disable_footer":"","neve_meta_disable_title":"","neve_meta_reading_time":"","_joinchat":[],"footnotes":""},"class_list":["post-2371","page","type-page","status-publish","hentry"],"yoast_head":"<!-- This site is optimized with the Yoast SEO plugin v27.5 - https:\/\/yoast.com\/product\/yoast-seo-wordpress\/ -->\n<title>Pol\u00edtica de Privacidad - GRUPO MEZA - Importaci\u00f3n y Exportaci\u00f3n<\/title>\n<meta name=\"robots\" content=\"index, follow, max-snippet:-1, max-image-preview:large, max-video-preview:-1\" \/>\n<link rel=\"canonical\" href=\"https:\/\/grupomeza.es\/en\/politica-de-privacidad\/\" \/>\n<meta property=\"og:locale\" content=\"en_GB\" \/>\n<meta property=\"og:type\" content=\"article\" \/>\n<meta property=\"og:title\" content=\"Pol\u00edtica de Privacidad - GRUPO MEZA - Importaci\u00f3n y Exportaci\u00f3n\" \/>\n<meta property=\"og:description\" content=\"En GRUPO MEZA CONSULTOR\u00cdA GESTI\u00d3N Y SERVICIOS, S.L.\u00a0nos comprometemos a proteger la privacidad y los datos personales de nuestros usuarios. Esta Pol\u00edtica de Privacidad tiene como objetivo informarte sobre c\u00f3mo recopilamos, utilizamos, protegemos y compartimos tu informaci\u00f3n personal cuando accedes a nuestro sitio web y servicios. 1. Responsable del Tratamiento Nombre: GRUPO MEZA CONSULTOR\u00cdA GESTI\u00d3N&hellip;&nbsp;Pol\u00edtica de Privacidad\" \/>\n<meta property=\"og:url\" content=\"https:\/\/grupomeza.es\/en\/politica-de-privacidad\/\" \/>\n<meta property=\"og:site_name\" content=\"GRUPO MEZA - Importaci\u00f3n y Exportaci\u00f3n\" \/>\n<meta property=\"article:modified_time\" content=\"2025-05-21T10:55:12+00:00\" \/>\n<meta name=\"twitter:card\" content=\"summary_large_image\" \/>\n<meta name=\"twitter:label1\" content=\"Estimated reading time\" \/>\n\t<meta name=\"twitter:data1\" content=\"3 minutes\" \/>\n<script type=\"application\/ld+json\" class=\"yoast-schema-graph\">{\"@context\":\"https:\\\/\\\/schema.org\",\"@graph\":[{\"@type\":\"WebPage\",\"@id\":\"https:\\\/\\\/grupomeza.es\\\/politica-de-privacidad\\\/\",\"url\":\"https:\\\/\\\/grupomeza.es\\\/politica-de-privacidad\\\/\",\"name\":\"Pol\u00edtica de Privacidad - GRUPO MEZA - Importaci\u00f3n y Exportaci\u00f3n\",\"isPartOf\":{\"@id\":\"https:\\\/\\\/grupomeza.es\\\/#website\"},\"datePublished\":\"2025-05-21T10:53:01+00:00\",\"dateModified\":\"2025-05-21T10:55:12+00:00\",\"breadcrumb\":{\"@id\":\"https:\\\/\\\/grupomeza.es\\\/politica-de-privacidad\\\/#breadcrumb\"},\"inLanguage\":\"en-GB\",\"potentialAction\":[{\"@type\":\"ReadAction\",\"target\":[\"https:\\\/\\\/grupomeza.es\\\/politica-de-privacidad\\\/\"]}]},{\"@type\":\"BreadcrumbList\",\"@id\":\"https:\\\/\\\/grupomeza.es\\\/politica-de-privacidad\\\/#breadcrumb\",\"itemListElement\":[{\"@type\":\"ListItem\",\"position\":1,\"name\":\"Portada\",\"item\":\"https:\\\/\\\/grupomeza.es\\\/\"},{\"@type\":\"ListItem\",\"position\":2,\"name\":\"Pol\u00edtica de Privacidad\"}]},{\"@type\":\"WebSite\",\"@id\":\"https:\\\/\\\/grupomeza.es\\\/#website\",\"url\":\"https:\\\/\\\/grupomeza.es\\\/\",\"name\":\"GRUPO MEZA - Importaci\u00f3n y Exportaci\u00f3n\",\"description\":\"En Grupo Meza somos una empresa joven y din\u00e1mica, especializada en la importaci\u00f3n y exportaci\u00f3n de caf\u00e9 verde de alta calidad y en consultor\u00eda empresarial para negocios del sector agroalimentario.\",\"potentialAction\":[{\"@type\":\"SearchAction\",\"target\":{\"@type\":\"EntryPoint\",\"urlTemplate\":\"https:\\\/\\\/grupomeza.es\\\/?s={search_term_string}\"},\"query-input\":{\"@type\":\"PropertyValueSpecification\",\"valueRequired\":true,\"valueName\":\"search_term_string\"}}],\"inLanguage\":\"en-GB\"}]}<\/script>\n<!-- \/ Yoast SEO plugin. -->","yoast_head_json":{"title":"Pol\u00edtica de Privacidad - GRUPO MEZA - Importaci\u00f3n y Exportaci\u00f3n","robots":{"index":"index","follow":"follow","max-snippet":"max-snippet:-1","max-image-preview":"max-image-preview:large","max-video-preview":"max-video-preview:-1"},"canonical":"https:\/\/grupomeza.es\/en\/politica-de-privacidad\/","og_locale":"en_GB","og_type":"article","og_title":"Pol\u00edtica de Privacidad - GRUPO MEZA - Importaci\u00f3n y Exportaci\u00f3n","og_description":"En GRUPO MEZA CONSULTOR\u00cdA GESTI\u00d3N Y SERVICIOS, S.L.\u00a0nos comprometemos a proteger la privacidad y los datos personales de nuestros usuarios. Esta Pol\u00edtica de Privacidad tiene como objetivo informarte sobre c\u00f3mo recopilamos, utilizamos, protegemos y compartimos tu informaci\u00f3n personal cuando accedes a nuestro sitio web y servicios. 1. Responsable del Tratamiento Nombre: GRUPO MEZA CONSULTOR\u00cdA GESTI\u00d3N&hellip;&nbsp;Pol\u00edtica de Privacidad","og_url":"https:\/\/grupomeza.es\/en\/politica-de-privacidad\/","og_site_name":"GRUPO MEZA - Importaci\u00f3n y Exportaci\u00f3n","article_modified_time":"2025-05-21T10:55:12+00:00","twitter_card":"summary_large_image","twitter_misc":{"Estimated reading time":"3 minutes"},"schema":{"@context":"https:\/\/schema.org","@graph":[{"@type":"WebPage","@id":"https:\/\/grupomeza.es\/politica-de-privacidad\/","url":"https:\/\/grupomeza.es\/politica-de-privacidad\/","name":"Pol\u00edtica de Privacidad - GRUPO MEZA - Importaci\u00f3n y Exportaci\u00f3n","isPartOf":{"@id":"https:\/\/grupomeza.es\/#website"},"datePublished":"2025-05-21T10:53:01+00:00","dateModified":"2025-05-21T10:55:12+00:00","breadcrumb":{"@id":"https:\/\/grupomeza.es\/politica-de-privacidad\/#breadcrumb"},"inLanguage":"en-GB","potentialAction":[{"@type":"ReadAction","target":["https:\/\/grupomeza.es\/politica-de-privacidad\/"]}]},{"@type":"BreadcrumbList","@id":"https:\/\/grupomeza.es\/politica-de-privacidad\/#breadcrumb","itemListElement":[{"@type":"ListItem","position":1,"name":"Portada","item":"https:\/\/grupomeza.es\/"},{"@type":"ListItem","position":2,"name":"Pol\u00edtica de Privacidad"}]},{"@type":"WebSite","@id":"https:\/\/grupomeza.es\/#website","url":"https:\/\/grupomeza.es\/","name":"GRUPO MEZA - Importaci\u00f3n y Exportaci\u00f3n","description":"En Grupo Meza somos una empresa joven y din\u00e1mica, especializada en la importaci\u00f3n y exportaci\u00f3n de caf\u00e9 verde de alta calidad y en consultor\u00eda empresarial para negocios del sector agroalimentario.","potentialAction":[{"@type":"SearchAction","target":{"@type":"EntryPoint","urlTemplate":"https:\/\/grupomeza.es\/?s={search_term_string}"},"query-input":{"@type":"PropertyValueSpecification","valueRequired":true,"valueName":"search_term_string"}}],"inLanguage":"en-GB"}]}},"_links":{"self":[{"href":"https:\/\/grupomeza.es\/en\/wp-json\/wp\/v2\/pages\/2371","targetHints":{"allow":["GET"]}}],"collection":[{"href":"https:\/\/grupomeza.es\/en\/wp-json\/wp\/v2\/pages"}],"about":[{"href":"https:\/\/grupomeza.es\/en\/wp-json\/wp\/v2\/types\/page"}],"author":[{"embeddable":true,"href":"https:\/\/grupomeza.es\/en\/wp-json\/wp\/v2\/users\/4"}],"replies":[{"embeddable":true,"href":"https:\/\/grupomeza.es\/en\/wp-json\/wp\/v2\/comments?post=2371"}],"version-history":[{"count":4,"href":"https:\/\/grupomeza.es\/en\/wp-json\/wp\/v2\/pages\/2371\/revisions"}],"predecessor-version":[{"id":2375,"href":"https:\/\/grupomeza.es\/en\/wp-json\/wp\/v2\/pages\/2371\/revisions\/2375"}],"wp:attachment":[{"href":"https:\/\/grupomeza.es\/en\/wp-json\/wp\/v2\/media?parent=2371"}],"curies":[{"name":"wp","href":"https:\/\/api.w.org\/{rel}","templated":true}]}}