{"id":2002,"date":"2025-05-14T01:10:17","date_gmt":"2025-05-13T23:10:17","guid":{"rendered":"https:\/\/grupomeza.es\/?page_id=2002"},"modified":"2025-05-14T12:44:55","modified_gmt":"2025-05-14T10:44:55","slug":"hamburgo-2018","status":"publish","type":"page","link":"https:\/\/grupomeza.es\/en\/hamburgo-2018\/","title":{"rendered":"Hamburgo (2018)"},"content":{"rendered":"<div data-elementor-type=\"wp-page\" data-elementor-id=\"2002\" class=\"elementor elementor-2002\" data-elementor-post-type=\"page\">\n\t\t\t\t<div class=\"elementor-element elementor-element-78a9e634 e-flex e-con-boxed e-con e-parent\" data-id=\"78a9e634\" data-element_type=\"container\" data-e-type=\"container\" data-settings=\"{&quot;background_background&quot;:&quot;classic&quot;}\">\n\t\t\t\t\t<div class=\"e-con-inner\">\n\t\t\t\t<div class=\"elementor-element elementor-element-6695d1be elementor-align-center elementor-icon-list--layout-inline elementor-list-item-link-full_width elementor-widget elementor-widget-icon-list\" data-id=\"6695d1be\" data-element_type=\"widget\" data-e-type=\"widget\" data-widget_type=\"icon-list.default\">\n\t\t\t\t<div class=\"elementor-widget-container\">\n\t\t\t\t\t\t\t<ul class=\"elementor-icon-list-items elementor-inline-items\">\n\t\t\t\t\t\t\t<li class=\"elementor-icon-list-item elementor-inline-item\">\n\t\t\t\t\t\t\t\t\t\t<span class=\"elementor-icon-list-text\">Home<\/span>\n\t\t\t\t\t\t\t\t\t<\/li>\n\t\t\t\t\t\t\t\t<li class=\"elementor-icon-list-item elementor-inline-item\">\n\t\t\t\t\t\t\t\t\t\t\t<span class=\"elementor-icon-list-icon\">\n\t\t\t\t\t\t\t<i aria-hidden=\"true\" class=\"jki jki-right-arrow-7\"><\/i>\t\t\t\t\t\t<\/span>\n\t\t\t\t\t\t\t\t\t\t<span class=\"elementor-icon-list-text\"><\/span>\n\t\t\t\t\t\t\t\t\t<\/li>\n\t\t\t\t\t\t<\/ul>\n\t\t\t\t\t\t<\/div>\n\t\t\t\t<\/div>\n\t\t\t\t\t<\/div>\n\t\t\t\t<\/div>\n\t\t<div class=\"elementor-element elementor-element-09e8389 e-flex e-con-boxed e-con e-parent\" data-id=\"09e8389\" data-element_type=\"container\" data-e-type=\"container\">\n\t\t\t\t\t<div class=\"e-con-inner\">\n\t\t\t\t<div class=\"elementor-element elementor-element-e28b86e elementor-widget elementor-widget-ucaddon_uc_tiles_columns_image\" data-id=\"e28b86e\" data-element_type=\"widget\" data-e-type=\"widget\" data-widget_type=\"ucaddon_uc_tiles_columns_image.default\">\n\t\t\t\t<div class=\"elementor-widget-container\">\n\t\t\t\t\t\n<!-- start Masonry &amp; Justified Gallery -->\n\t\t<link id='unitegallery-css' href='https:\/\/grupomeza.es\/wp-content\/plugins\/unlimited-elements-for-elementor-premium\/assets_libraries\/unitegallery\/css\/unite-gallery.css' type='text\/css' rel='stylesheet' >\n\t\t<link id='uc_ac_assets_file_uc_columns_unite_gallery_css_37416-css' href='https:\/\/grupomeza.es\/wp-content\/uploads\/ac_assets\/uc_tiles_columns_image\/uc-columns-unite-gallery.css' type='text\/css' rel='stylesheet' >\n\n<style>\/* widget: Masonry &amp; Justified Gallery *\/\n\n\n#wrapperuc_uc_tiles_columns_image_elementor_e28b86e\n{\n  min-height:1px;\n}\n\n\/* pagination *\/\n#wrapperuc_uc_tiles_columns_image_elementor_e28b86e .uc_post_grid_style_one_prev_button_pagination{\n  display: flex;\n  align-items: center;\n}\n\n#wrapperuc_uc_tiles_columns_image_elementor_e28b86e .uc_post_grid_style_one_pagination_button,\n#wrapperuc_uc_tiles_columns_image_elementor_e28b86e .uc_post_grid_style_one_pagination_number{\n  padding: 0;\n  justify-content: center;\n  align-items: center;\n  transition: all .3s ease;\n  margin: 0;\n}\n\n#wrapperuc_uc_tiles_columns_image_elementor_e28b86e .uc_post_grid_style_one_pagination_number:last-child,\n#wrapperuc_uc_tiles_columns_image_elementor_e28b86e .uc_post_grid_style_one_pagination_number:first-child{\n  display: inline-flex;\n  position: relative;\n}\n\n#wrapperuc_uc_tiles_columns_image_elementor_e28b86e .ue-hidden{\n  display: none;\n}\n\n#wrapperuc_uc_tiles_columns_image_elementor_e28b86e .ue-disabled{\n  opacity: .5;\n  pointer-events: none;\n}\n\n#wrapperuc_uc_tiles_columns_image_elementor_e28b86e .uc_post_grid_style_one_pagination_number.ue-visible{\n  display: inline-flex;\n}\n\n#wrapperuc_uc_tiles_columns_image_elementor_e28b86e .uc_post_grid_style_one_pagination_numbers{\n  display: flex;\n  flex-wrap: wrap;\n}\n\n#wrapperuc_uc_tiles_columns_image_elementor_e28b86e .uc_post_grid_style_one_prev_button_pagination_wrap{\n  display: flex;\n}\n\/* end pagination *\/\n\n<\/style>\n\n<div id=\"wrapperuc_uc_tiles_columns_image_elementor_e28b86e\">\n  \n  <div id=\"uc_uc_tiles_columns_image_elementor_e28b86e\" style=\"display:none;\" class=\"uc-items-wrapper\" data-custom-sethtml=\"true\" >\n    \n<img decoding=\"async\" alt=\"IMG_0141\"\n   src=\"https:\/\/grupomeza.es\/wp-content\/uploads\/2025\/05\/IMG_0141-768x576.jpg\"\n    data-image=\"https:\/\/grupomeza.es\/wp-content\/uploads\/2025\/05\/IMG_0141-1024x768.jpg\"\n    data-title=\"IMG_0141\">\n\n<img decoding=\"async\" alt=\"IMG_0144\"\n   src=\"https:\/\/grupomeza.es\/wp-content\/uploads\/2025\/05\/IMG_0144-768x576.jpg\"\n    data-image=\"https:\/\/grupomeza.es\/wp-content\/uploads\/2025\/05\/IMG_0144-1024x768.jpg\"\n    data-title=\"IMG_0144\">\n\n<img decoding=\"async\" alt=\"IMG_0146\"\n   src=\"https:\/\/grupomeza.es\/wp-content\/uploads\/2025\/05\/IMG_0146-768x576.jpg\"\n    data-image=\"https:\/\/grupomeza.es\/wp-content\/uploads\/2025\/05\/IMG_0146-1024x768.jpg\"\n    data-title=\"IMG_0146\">\n\n<img decoding=\"async\" alt=\"IMG_0149\"\n   src=\"https:\/\/grupomeza.es\/wp-content\/uploads\/2025\/05\/IMG_0149-768x576.jpg\"\n    data-image=\"https:\/\/grupomeza.es\/wp-content\/uploads\/2025\/05\/IMG_0149-1024x768.jpg\"\n    data-title=\"IMG_0149\">\n\n<img decoding=\"async\" alt=\"IMG_0152\"\n   src=\"https:\/\/grupomeza.es\/wp-content\/uploads\/2025\/05\/IMG_0152-768x576.jpg\"\n    data-image=\"https:\/\/grupomeza.es\/wp-content\/uploads\/2025\/05\/IMG_0152-1024x768.jpg\"\n    data-title=\"IMG_0152\">\n\n<img decoding=\"async\" alt=\"IMG_0154\"\n   src=\"https:\/\/grupomeza.es\/wp-content\/uploads\/2025\/05\/IMG_0154-768x1024.jpg\"\n    data-image=\"https:\/\/grupomeza.es\/wp-content\/uploads\/2025\/05\/IMG_0154-768x1024.jpg\"\n    data-title=\"IMG_0154\">\n\n<img decoding=\"async\" alt=\"IMG_0155\"\n   src=\"https:\/\/grupomeza.es\/wp-content\/uploads\/2025\/05\/IMG_0155-768x576.jpg\"\n    data-image=\"https:\/\/grupomeza.es\/wp-content\/uploads\/2025\/05\/IMG_0155-1024x768.jpg\"\n    data-title=\"IMG_0155\">\n\n<img decoding=\"async\" alt=\"IMG_0158\"\n   src=\"https:\/\/grupomeza.es\/wp-content\/uploads\/2025\/05\/IMG_0158-768x576.jpg\"\n    data-image=\"https:\/\/grupomeza.es\/wp-content\/uploads\/2025\/05\/IMG_0158-1024x768.jpg\"\n    data-title=\"IMG_0158\">\n\n<img decoding=\"async\" alt=\"IMG_0165\"\n   src=\"https:\/\/grupomeza.es\/wp-content\/uploads\/2025\/05\/IMG_0165-768x1024.jpg\"\n    data-image=\"https:\/\/grupomeza.es\/wp-content\/uploads\/2025\/05\/IMG_0165-768x1024.jpg\"\n    data-title=\"IMG_0165\">\n\n<img decoding=\"async\" alt=\"IMG_0167\"\n   src=\"https:\/\/grupomeza.es\/wp-content\/uploads\/2025\/05\/IMG_0167-768x1024.jpg\"\n    data-image=\"https:\/\/grupomeza.es\/wp-content\/uploads\/2025\/05\/IMG_0167-768x1024.jpg\"\n    data-title=\"IMG_0167\">\n\n<img decoding=\"async\" alt=\"IMG_0169\"\n   src=\"https:\/\/grupomeza.es\/wp-content\/uploads\/2025\/05\/IMG_0169-768x576.jpg\"\n    data-image=\"https:\/\/grupomeza.es\/wp-content\/uploads\/2025\/05\/IMG_0169-1024x768.jpg\"\n    data-title=\"IMG_0169\">\n\n<img decoding=\"async\" alt=\"IMG_0170\"\n   src=\"https:\/\/grupomeza.es\/wp-content\/uploads\/2025\/05\/IMG_0170-768x576.jpg\"\n    data-image=\"https:\/\/grupomeza.es\/wp-content\/uploads\/2025\/05\/IMG_0170-1024x768.jpg\"\n    data-title=\"IMG_0170\">\n\n<img decoding=\"async\" alt=\"IMG_0171\"\n   src=\"https:\/\/grupomeza.es\/wp-content\/uploads\/2025\/05\/IMG_0171-768x1024.jpg\"\n    data-image=\"https:\/\/grupomeza.es\/wp-content\/uploads\/2025\/05\/IMG_0171-768x1024.jpg\"\n    data-title=\"IMG_0171\">\n\n<img decoding=\"async\" alt=\"IMG_0173\"\n   src=\"https:\/\/grupomeza.es\/wp-content\/uploads\/2025\/05\/IMG_0173-768x1024.jpg\"\n    data-image=\"https:\/\/grupomeza.es\/wp-content\/uploads\/2025\/05\/IMG_0173-768x1024.jpg\"\n    data-title=\"IMG_0173\">\n\n<img decoding=\"async\" alt=\"IMG_0180\"\n   src=\"https:\/\/grupomeza.es\/wp-content\/uploads\/2025\/05\/IMG_0180-768x1024.jpg\"\n    data-image=\"https:\/\/grupomeza.es\/wp-content\/uploads\/2025\/05\/IMG_0180-768x1024.jpg\"\n    data-title=\"IMG_0180\">\n\n<img decoding=\"async\" alt=\"IMG_0189\"\n   src=\"https:\/\/grupomeza.es\/wp-content\/uploads\/2025\/05\/IMG_0189-768x576.jpg\"\n    data-image=\"https:\/\/grupomeza.es\/wp-content\/uploads\/2025\/05\/IMG_0189-1024x768.jpg\"\n    data-title=\"IMG_0189\">\n\n<img decoding=\"async\" alt=\"IMG_0197\"\n   src=\"https:\/\/grupomeza.es\/wp-content\/uploads\/2025\/05\/IMG_0197-768x576.jpg\"\n    data-image=\"https:\/\/grupomeza.es\/wp-content\/uploads\/2025\/05\/IMG_0197-1024x768.jpg\"\n    data-title=\"IMG_0197\">\n\n<img decoding=\"async\" alt=\"IMG_0198\"\n   src=\"https:\/\/grupomeza.es\/wp-content\/uploads\/2025\/05\/IMG_0198-768x1024.jpg\"\n    data-image=\"https:\/\/grupomeza.es\/wp-content\/uploads\/2025\/05\/IMG_0198-768x1024.jpg\"\n    data-title=\"IMG_0198\">\n\n<img decoding=\"async\" alt=\"IMG_0199\"\n   src=\"https:\/\/grupomeza.es\/wp-content\/uploads\/2025\/05\/IMG_0199-768x576.jpg\"\n    data-image=\"https:\/\/grupomeza.es\/wp-content\/uploads\/2025\/05\/IMG_0199-1024x768.jpg\"\n    data-title=\"IMG_0199\">\n\n<img decoding=\"async\" alt=\"IMG_0200\"\n   src=\"https:\/\/grupomeza.es\/wp-content\/uploads\/2025\/05\/IMG_0200-768x1024.jpg\"\n    data-image=\"https:\/\/grupomeza.es\/wp-content\/uploads\/2025\/05\/IMG_0200-768x1024.jpg\"\n    data-title=\"IMG_0200\">\n\n<img decoding=\"async\" alt=\"IMG_0201\"\n   src=\"https:\/\/grupomeza.es\/wp-content\/uploads\/2025\/05\/IMG_0201-768x1024.jpg\"\n    data-image=\"https:\/\/grupomeza.es\/wp-content\/uploads\/2025\/05\/IMG_0201-768x1024.jpg\"\n    data-title=\"IMG_0201\">\n\n<img decoding=\"async\" alt=\"IMG_0203\"\n   src=\"https:\/\/grupomeza.es\/wp-content\/uploads\/2025\/05\/IMG_0203-768x576.jpg\"\n    data-image=\"https:\/\/grupomeza.es\/wp-content\/uploads\/2025\/05\/IMG_0203-1024x768.jpg\"\n    data-title=\"IMG_0203\">\n\n<img decoding=\"async\" alt=\"IMG_0204(1)\"\n   src=\"https:\/\/grupomeza.es\/wp-content\/uploads\/2025\/05\/IMG_02041-768x576.jpg\"\n    data-image=\"https:\/\/grupomeza.es\/wp-content\/uploads\/2025\/05\/IMG_02041-1024x768.jpg\"\n    data-title=\"IMG_0204(1)\">\n\n<img decoding=\"async\" alt=\"IMG_0206\"\n   src=\"https:\/\/grupomeza.es\/wp-content\/uploads\/2025\/05\/IMG_0206-768x576.jpg\"\n    data-image=\"https:\/\/grupomeza.es\/wp-content\/uploads\/2025\/05\/IMG_0206-1024x768.jpg\"\n    data-title=\"IMG_0206\">\n\n<img decoding=\"async\" alt=\"IMG_0207\"\n   src=\"https:\/\/grupomeza.es\/wp-content\/uploads\/2025\/05\/IMG_0207-768x576.jpg\"\n    data-image=\"https:\/\/grupomeza.es\/wp-content\/uploads\/2025\/05\/IMG_0207-1024x768.jpg\"\n    data-title=\"IMG_0207\">\n\n<img decoding=\"async\" alt=\"IMG_0208 (1)\"\n   src=\"https:\/\/grupomeza.es\/wp-content\/uploads\/2025\/05\/IMG_0208-1-768x1024.jpg\"\n    data-image=\"https:\/\/grupomeza.es\/wp-content\/uploads\/2025\/05\/IMG_0208-1-768x1024.jpg\"\n    data-title=\"IMG_0208 (1)\">\n\n<img decoding=\"async\" alt=\"IMG_0210\"\n   src=\"https:\/\/grupomeza.es\/wp-content\/uploads\/2025\/05\/IMG_0210-768x576.jpg\"\n    data-image=\"https:\/\/grupomeza.es\/wp-content\/uploads\/2025\/05\/IMG_0210-1024x768.jpg\"\n    data-title=\"IMG_0210\">\n\n<img decoding=\"async\" alt=\"IMG_0211\"\n   src=\"https:\/\/grupomeza.es\/wp-content\/uploads\/2025\/05\/IMG_0211-768x1024.jpg\"\n    data-image=\"https:\/\/grupomeza.es\/wp-content\/uploads\/2025\/05\/IMG_0211-768x1024.jpg\"\n    data-title=\"IMG_0211\">\n\n<img decoding=\"async\" alt=\"IMG_0222\"\n   src=\"https:\/\/grupomeza.es\/wp-content\/uploads\/2025\/05\/IMG_0222-768x1024.jpg\"\n    data-image=\"https:\/\/grupomeza.es\/wp-content\/uploads\/2025\/05\/IMG_0222-768x1024.jpg\"\n    data-title=\"IMG_0222\">\n\n<img decoding=\"async\" alt=\"IMG_0223\"\n   src=\"https:\/\/grupomeza.es\/wp-content\/uploads\/2025\/05\/IMG_0223-768x1024.jpg\"\n    data-image=\"https:\/\/grupomeza.es\/wp-content\/uploads\/2025\/05\/IMG_0223-768x1024.jpg\"\n    data-title=\"IMG_0223\">\n\n<img decoding=\"async\" alt=\"IMG_0226\"\n   src=\"https:\/\/grupomeza.es\/wp-content\/uploads\/2025\/05\/IMG_0226-768x576.jpg\"\n    data-image=\"https:\/\/grupomeza.es\/wp-content\/uploads\/2025\/05\/IMG_0226-1024x768.jpg\"\n    data-title=\"IMG_0226\">\n\n<img decoding=\"async\" alt=\"IMG_0227\"\n   src=\"https:\/\/grupomeza.es\/wp-content\/uploads\/2025\/05\/IMG_0227-768x576.jpg\"\n    data-image=\"https:\/\/grupomeza.es\/wp-content\/uploads\/2025\/05\/IMG_0227-1024x768.jpg\"\n    data-title=\"IMG_0227\">\n\n<img decoding=\"async\" alt=\"IMG_0230\"\n   src=\"https:\/\/grupomeza.es\/wp-content\/uploads\/2025\/05\/IMG_0230-768x576.jpg\"\n    data-image=\"https:\/\/grupomeza.es\/wp-content\/uploads\/2025\/05\/IMG_0230-1024x768.jpg\"\n    data-title=\"IMG_0230\">\n\n<img decoding=\"async\" alt=\"IMG_0233\"\n   src=\"https:\/\/grupomeza.es\/wp-content\/uploads\/2025\/05\/IMG_0233-768x576.jpg\"\n    data-image=\"https:\/\/grupomeza.es\/wp-content\/uploads\/2025\/05\/IMG_0233-1024x768.jpg\"\n    data-title=\"IMG_0233\">\n\n<img decoding=\"async\" alt=\"IMG_0234\"\n   src=\"https:\/\/grupomeza.es\/wp-content\/uploads\/2025\/05\/IMG_0234-768x576.jpg\"\n    data-image=\"https:\/\/grupomeza.es\/wp-content\/uploads\/2025\/05\/IMG_0234-1024x768.jpg\"\n    data-title=\"IMG_0234\">\n\n<img decoding=\"async\" alt=\"IMG_0235\"\n   src=\"https:\/\/grupomeza.es\/wp-content\/uploads\/2025\/05\/IMG_0235-768x576.jpg\"\n    data-image=\"https:\/\/grupomeza.es\/wp-content\/uploads\/2025\/05\/IMG_0235-1024x768.jpg\"\n    data-title=\"IMG_0235\">\n\n<img decoding=\"async\" alt=\"IMG_0236 (1)\"\n   src=\"https:\/\/grupomeza.es\/wp-content\/uploads\/2025\/05\/IMG_0236-1-768x1024.jpg\"\n    data-image=\"https:\/\/grupomeza.es\/wp-content\/uploads\/2025\/05\/IMG_0236-1-768x1024.jpg\"\n    data-title=\"IMG_0236 (1)\">\n\n<img decoding=\"async\" alt=\"IMG_0237\"\n   src=\"https:\/\/grupomeza.es\/wp-content\/uploads\/2025\/05\/IMG_0237-768x1024.jpg\"\n    data-image=\"https:\/\/grupomeza.es\/wp-content\/uploads\/2025\/05\/IMG_0237-768x1024.jpg\"\n    data-title=\"IMG_0237\">\n\n<img decoding=\"async\" alt=\"IMG_0238\"\n   src=\"https:\/\/grupomeza.es\/wp-content\/uploads\/2025\/05\/IMG_0238-768x576.jpg\"\n    data-image=\"https:\/\/grupomeza.es\/wp-content\/uploads\/2025\/05\/IMG_0238-1024x768.jpg\"\n    data-title=\"IMG_0238\">\n\n<img decoding=\"async\" alt=\"IMG_0240\"\n   src=\"https:\/\/grupomeza.es\/wp-content\/uploads\/2025\/05\/IMG_0240-768x576.jpg\"\n    data-image=\"https:\/\/grupomeza.es\/wp-content\/uploads\/2025\/05\/IMG_0240-1024x768.jpg\"\n    data-title=\"IMG_0240\">\n\n<img decoding=\"async\" alt=\"IMG_0242\"\n   src=\"https:\/\/grupomeza.es\/wp-content\/uploads\/2025\/05\/IMG_0242-768x1024.jpg\"\n    data-image=\"https:\/\/grupomeza.es\/wp-content\/uploads\/2025\/05\/IMG_0242-768x1024.jpg\"\n    data-title=\"IMG_0242\">\n\n<img decoding=\"async\" alt=\"IMG_0246\"\n   src=\"https:\/\/grupomeza.es\/wp-content\/uploads\/2025\/05\/IMG_0246-768x1024.jpg\"\n    data-image=\"https:\/\/grupomeza.es\/wp-content\/uploads\/2025\/05\/IMG_0246-768x1024.jpg\"\n    data-title=\"IMG_0246\">\n\n<img decoding=\"async\" alt=\"IMG_0249\"\n   src=\"https:\/\/grupomeza.es\/wp-content\/uploads\/2025\/05\/IMG_0249-768x576.jpg\"\n    data-image=\"https:\/\/grupomeza.es\/wp-content\/uploads\/2025\/05\/IMG_0249-1024x768.jpg\"\n    data-title=\"IMG_0249\">\n\n<img decoding=\"async\" alt=\"IMG_0256\"\n   src=\"https:\/\/grupomeza.es\/wp-content\/uploads\/2025\/05\/IMG_0256-768x576.jpg\"\n    data-image=\"https:\/\/grupomeza.es\/wp-content\/uploads\/2025\/05\/IMG_0256-1024x768.jpg\"\n    data-title=\"IMG_0256\">\n\n  <\/div>\n  \n    \n<\/div>\n<!-- end Masonry & Justified Gallery -->\t\t\t\t<\/div>\n\t\t\t\t<\/div>\n\t\t\t\t\t<\/div>\n\t\t\t\t<\/div>\n\t\t\t\t<\/div>","protected":false},"excerpt":{"rendered":"<p>Home<\/p>","protected":false},"author":4,"featured_media":0,"parent":0,"menu_order":0,"comment_status":"closed","ping_status":"closed","template":"page-templates\/template-pagebuilder-full-width.php","meta":{"neve_meta_sidebar":"","neve_meta_container":"","neve_meta_enable_content_width":"off","neve_meta_content_width":100,"neve_meta_title_alignment":"","neve_meta_author_avatar":"","neve_post_elements_order":"","neve_meta_disable_header":"","neve_meta_disable_footer":"","neve_meta_disable_title":"","neve_meta_reading_time":"","_joinchat":[],"footnotes":""},"class_list":["post-2002","page","type-page","status-publish","hentry"],"yoast_head":"<!-- This site is optimized with the Yoast SEO plugin v27.5 - https:\/\/yoast.com\/product\/yoast-seo-wordpress\/ -->\n<title>Hamburgo (2018) - GRUPO MEZA - Importaci\u00f3n y Exportaci\u00f3n<\/title>\n<meta name=\"robots\" content=\"index, follow, max-snippet:-1, max-image-preview:large, max-video-preview:-1\" \/>\n<link rel=\"canonical\" href=\"https:\/\/grupomeza.es\/en\/hamburgo-2018\/\" \/>\n<meta property=\"og:locale\" content=\"en_GB\" \/>\n<meta property=\"og:type\" content=\"article\" \/>\n<meta property=\"og:title\" content=\"Hamburgo (2018) - GRUPO MEZA - Importaci\u00f3n y Exportaci\u00f3n\" \/>\n<meta property=\"og:description\" content=\"Home\" \/>\n<meta property=\"og:url\" content=\"https:\/\/grupomeza.es\/en\/hamburgo-2018\/\" \/>\n<meta property=\"og:site_name\" content=\"GRUPO MEZA - Importaci\u00f3n y Exportaci\u00f3n\" \/>\n<meta property=\"article:modified_time\" content=\"2025-05-14T10:44:55+00:00\" \/>\n<meta property=\"og:image\" content=\"https:\/\/grupomeza.es\/wp-content\/uploads\/2025\/05\/IMG_0141-768x576.jpg\" \/>\n<meta name=\"twitter:card\" content=\"summary_large_image\" \/>\n<meta name=\"twitter:label1\" content=\"Estimated reading time\" \/>\n\t<meta name=\"twitter:data1\" content=\"14 minutes\" \/>\n<script type=\"application\/ld+json\" class=\"yoast-schema-graph\">{\"@context\":\"https:\\\/\\\/schema.org\",\"@graph\":[{\"@type\":\"WebPage\",\"@id\":\"https:\\\/\\\/grupomeza.es\\\/hamburgo-2018\\\/\",\"url\":\"https:\\\/\\\/grupomeza.es\\\/hamburgo-2018\\\/\",\"name\":\"Hamburgo (2018) - GRUPO MEZA - Importaci\u00f3n y Exportaci\u00f3n\",\"isPartOf\":{\"@id\":\"https:\\\/\\\/grupomeza.es\\\/#website\"},\"primaryImageOfPage\":{\"@id\":\"https:\\\/\\\/grupomeza.es\\\/hamburgo-2018\\\/#primaryimage\"},\"image\":{\"@id\":\"https:\\\/\\\/grupomeza.es\\\/hamburgo-2018\\\/#primaryimage\"},\"thumbnailUrl\":\"https:\\\/\\\/grupomeza.es\\\/wp-content\\\/uploads\\\/2025\\\/05\\\/IMG_0141-768x576.jpg\",\"datePublished\":\"2025-05-13T23:10:17+00:00\",\"dateModified\":\"2025-05-14T10:44:55+00:00\",\"breadcrumb\":{\"@id\":\"https:\\\/\\\/grupomeza.es\\\/hamburgo-2018\\\/#breadcrumb\"},\"inLanguage\":\"en-GB\",\"potentialAction\":[{\"@type\":\"ReadAction\",\"target\":[\"https:\\\/\\\/grupomeza.es\\\/hamburgo-2018\\\/\"]}]},{\"@type\":\"ImageObject\",\"inLanguage\":\"en-GB\",\"@id\":\"https:\\\/\\\/grupomeza.es\\\/hamburgo-2018\\\/#primaryimage\",\"url\":\"https:\\\/\\\/grupomeza.es\\\/wp-content\\\/uploads\\\/2025\\\/05\\\/IMG_0141-768x576.jpg\",\"contentUrl\":\"https:\\\/\\\/grupomeza.es\\\/wp-content\\\/uploads\\\/2025\\\/05\\\/IMG_0141-768x576.jpg\"},{\"@type\":\"BreadcrumbList\",\"@id\":\"https:\\\/\\\/grupomeza.es\\\/hamburgo-2018\\\/#breadcrumb\",\"itemListElement\":[{\"@type\":\"ListItem\",\"position\":1,\"name\":\"Portada\",\"item\":\"https:\\\/\\\/grupomeza.es\\\/\"},{\"@type\":\"ListItem\",\"position\":2,\"name\":\"Hamburgo (2018)\"}]},{\"@type\":\"WebSite\",\"@id\":\"https:\\\/\\\/grupomeza.es\\\/#website\",\"url\":\"https:\\\/\\\/grupomeza.es\\\/\",\"name\":\"GRUPO MEZA - Importaci\u00f3n y Exportaci\u00f3n\",\"description\":\"En Grupo Meza somos una empresa joven y din\u00e1mica, especializada en la importaci\u00f3n y exportaci\u00f3n de caf\u00e9 verde de alta calidad y en consultor\u00eda empresarial para negocios del sector agroalimentario.\",\"potentialAction\":[{\"@type\":\"SearchAction\",\"target\":{\"@type\":\"EntryPoint\",\"urlTemplate\":\"https:\\\/\\\/grupomeza.es\\\/?s={search_term_string}\"},\"query-input\":{\"@type\":\"PropertyValueSpecification\",\"valueRequired\":true,\"valueName\":\"search_term_string\"}}],\"inLanguage\":\"en-GB\"}]}<\/script>\n<!-- \/ Yoast SEO plugin. -->","yoast_head_json":{"title":"Hamburgo (2018) - GRUPO MEZA - Importaci\u00f3n y Exportaci\u00f3n","robots":{"index":"index","follow":"follow","max-snippet":"max-snippet:-1","max-image-preview":"max-image-preview:large","max-video-preview":"max-video-preview:-1"},"canonical":"https:\/\/grupomeza.es\/en\/hamburgo-2018\/","og_locale":"en_GB","og_type":"article","og_title":"Hamburgo (2018) - GRUPO MEZA - Importaci\u00f3n y Exportaci\u00f3n","og_description":"Home","og_url":"https:\/\/grupomeza.es\/en\/hamburgo-2018\/","og_site_name":"GRUPO MEZA - Importaci\u00f3n y Exportaci\u00f3n","article_modified_time":"2025-05-14T10:44:55+00:00","og_image":[{"url":"https:\/\/grupomeza.es\/wp-content\/uploads\/2025\/05\/IMG_0141-768x576.jpg","type":"","width":"","height":""}],"twitter_card":"summary_large_image","twitter_misc":{"Estimated reading time":"14 minutes"},"schema":{"@context":"https:\/\/schema.org","@graph":[{"@type":"WebPage","@id":"https:\/\/grupomeza.es\/hamburgo-2018\/","url":"https:\/\/grupomeza.es\/hamburgo-2018\/","name":"Hamburgo (2018) - GRUPO MEZA - Importaci\u00f3n y Exportaci\u00f3n","isPartOf":{"@id":"https:\/\/grupomeza.es\/#website"},"primaryImageOfPage":{"@id":"https:\/\/grupomeza.es\/hamburgo-2018\/#primaryimage"},"image":{"@id":"https:\/\/grupomeza.es\/hamburgo-2018\/#primaryimage"},"thumbnailUrl":"https:\/\/grupomeza.es\/wp-content\/uploads\/2025\/05\/IMG_0141-768x576.jpg","datePublished":"2025-05-13T23:10:17+00:00","dateModified":"2025-05-14T10:44:55+00:00","breadcrumb":{"@id":"https:\/\/grupomeza.es\/hamburgo-2018\/#breadcrumb"},"inLanguage":"en-GB","potentialAction":[{"@type":"ReadAction","target":["https:\/\/grupomeza.es\/hamburgo-2018\/"]}]},{"@type":"ImageObject","inLanguage":"en-GB","@id":"https:\/\/grupomeza.es\/hamburgo-2018\/#primaryimage","url":"https:\/\/grupomeza.es\/wp-content\/uploads\/2025\/05\/IMG_0141-768x576.jpg","contentUrl":"https:\/\/grupomeza.es\/wp-content\/uploads\/2025\/05\/IMG_0141-768x576.jpg"},{"@type":"BreadcrumbList","@id":"https:\/\/grupomeza.es\/hamburgo-2018\/#breadcrumb","itemListElement":[{"@type":"ListItem","position":1,"name":"Portada","item":"https:\/\/grupomeza.es\/"},{"@type":"ListItem","position":2,"name":"Hamburgo (2018)"}]},{"@type":"WebSite","@id":"https:\/\/grupomeza.es\/#website","url":"https:\/\/grupomeza.es\/","name":"GRUPO MEZA - Importaci\u00f3n y Exportaci\u00f3n","description":"En Grupo Meza somos una empresa joven y din\u00e1mica, especializada en la importaci\u00f3n y exportaci\u00f3n de caf\u00e9 verde de alta calidad y en consultor\u00eda empresarial para negocios del sector agroalimentario.","potentialAction":[{"@type":"SearchAction","target":{"@type":"EntryPoint","urlTemplate":"https:\/\/grupomeza.es\/?s={search_term_string}"},"query-input":{"@type":"PropertyValueSpecification","valueRequired":true,"valueName":"search_term_string"}}],"inLanguage":"en-GB"}]}},"_links":{"self":[{"href":"https:\/\/grupomeza.es\/en\/wp-json\/wp\/v2\/pages\/2002","targetHints":{"allow":["GET"]}}],"collection":[{"href":"https:\/\/grupomeza.es\/en\/wp-json\/wp\/v2\/pages"}],"about":[{"href":"https:\/\/grupomeza.es\/en\/wp-json\/wp\/v2\/types\/page"}],"author":[{"embeddable":true,"href":"https:\/\/grupomeza.es\/en\/wp-json\/wp\/v2\/users\/4"}],"replies":[{"embeddable":true,"href":"https:\/\/grupomeza.es\/en\/wp-json\/wp\/v2\/comments?post=2002"}],"version-history":[{"count":10,"href":"https:\/\/grupomeza.es\/en\/wp-json\/wp\/v2\/pages\/2002\/revisions"}],"predecessor-version":[{"id":2294,"href":"https:\/\/grupomeza.es\/en\/wp-json\/wp\/v2\/pages\/2002\/revisions\/2294"}],"wp:attachment":[{"href":"https:\/\/grupomeza.es\/en\/wp-json\/wp\/v2\/media?parent=2002"}],"curies":[{"name":"wp","href":"https:\/\/api.w.org\/{rel}","templated":true}]}}