{"id":1863,"date":"2025-05-14T00:58:24","date_gmt":"2025-05-13T22:58:24","guid":{"rendered":"https:\/\/grupomeza.es\/?page_id=1863"},"modified":"2025-05-29T13:23:47","modified_gmt":"2025-05-29T11:23:47","slug":"cordillera-illamatepec-2018-2","status":"publish","type":"page","link":"https:\/\/grupomeza.es\/en\/cordillera-illamatepec-2018-2\/","title":{"rendered":"Cordillera Illamatepec"},"content":{"rendered":"<div data-elementor-type=\"wp-page\" data-elementor-id=\"1863\" class=\"elementor elementor-1863\" data-elementor-post-type=\"page\">\n\t\t\t\t<div class=\"elementor-element elementor-element-78a9e634 e-flex e-con-boxed e-con e-parent\" data-id=\"78a9e634\" data-element_type=\"container\" data-e-type=\"container\" data-settings=\"{&quot;background_background&quot;:&quot;classic&quot;}\">\n\t\t\t\t\t<div class=\"e-con-inner\">\n\t\t\t\t<div class=\"elementor-element elementor-element-6695d1be elementor-align-center elementor-icon-list--layout-inline elementor-list-item-link-full_width elementor-widget elementor-widget-icon-list\" data-id=\"6695d1be\" data-element_type=\"widget\" data-e-type=\"widget\" data-widget_type=\"icon-list.default\">\n\t\t\t\t<div class=\"elementor-widget-container\">\n\t\t\t\t\t\t\t<ul class=\"elementor-icon-list-items elementor-inline-items\">\n\t\t\t\t\t\t\t<li class=\"elementor-icon-list-item elementor-inline-item\">\n\t\t\t\t\t\t\t\t\t\t<span class=\"elementor-icon-list-text\">Home<\/span>\n\t\t\t\t\t\t\t\t\t<\/li>\n\t\t\t\t\t\t\t\t<li class=\"elementor-icon-list-item elementor-inline-item\">\n\t\t\t\t\t\t\t\t\t\t\t<span class=\"elementor-icon-list-icon\">\n\t\t\t\t\t\t\t<i aria-hidden=\"true\" class=\"jki jki-right-arrow-7\"><\/i>\t\t\t\t\t\t<\/span>\n\t\t\t\t\t\t\t\t\t\t<span class=\"elementor-icon-list-text\"><\/span>\n\t\t\t\t\t\t\t\t\t<\/li>\n\t\t\t\t\t\t<\/ul>\n\t\t\t\t\t\t<\/div>\n\t\t\t\t<\/div>\n\t\t\t\t\t<\/div>\n\t\t\t\t<\/div>\n\t\t<div class=\"elementor-element elementor-element-09e8389 e-flex e-con-boxed e-con e-parent\" data-id=\"09e8389\" data-element_type=\"container\" data-e-type=\"container\">\n\t\t\t\t\t<div class=\"e-con-inner\">\n\t\t<div class=\"elementor-element elementor-element-cdf410b e-grid e-con-full e-con e-child\" data-id=\"cdf410b\" data-element_type=\"container\" data-e-type=\"container\">\n\t\t\t\t<div class=\"elementor-element elementor-element-7eeea19 elementor-widget elementor-widget-video\" data-id=\"7eeea19\" data-element_type=\"widget\" data-e-type=\"widget\" data-settings=\"{&quot;video_type&quot;:&quot;hosted&quot;,&quot;mute&quot;:&quot;yes&quot;,&quot;controls&quot;:&quot;yes&quot;}\" data-widget_type=\"video.default\">\n\t\t\t\t<div class=\"elementor-widget-container\">\n\t\t\t\t\t\t\t<div class=\"e-hosted-video elementor-wrapper elementor-open-inline\">\n\t\t\t\t\t<video class=\"elementor-video\" src=\"https:\/\/grupomeza.es\/wp-content\/uploads\/2025\/05\/IMG_1043_HEVC.mov\" controls=\"\" preload=\"metadata\" muted=\"muted\" controlslist=\"nodownload\"><\/video>\n\t\t\t\t<\/div>\n\t\t\t\t\t\t<\/div>\n\t\t\t\t<\/div>\n\t\t\t\t<div class=\"elementor-element elementor-element-0730d69 elementor-widget elementor-widget-video\" data-id=\"0730d69\" data-element_type=\"widget\" data-e-type=\"widget\" data-settings=\"{&quot;video_type&quot;:&quot;hosted&quot;,&quot;mute&quot;:&quot;yes&quot;,&quot;controls&quot;:&quot;yes&quot;}\" data-widget_type=\"video.default\">\n\t\t\t\t<div class=\"elementor-widget-container\">\n\t\t\t\t\t\t\t<div class=\"e-hosted-video elementor-wrapper elementor-open-inline\">\n\t\t\t\t\t<video class=\"elementor-video\" src=\"https:\/\/grupomeza.es\/wp-content\/uploads\/2025\/05\/IMG_1057_HEVC.mov\" controls=\"\" preload=\"metadata\" muted=\"muted\" controlslist=\"nodownload\"><\/video>\n\t\t\t\t<\/div>\n\t\t\t\t\t\t<\/div>\n\t\t\t\t<\/div>\n\t\t\t\t<div class=\"elementor-element elementor-element-d929fd9 elementor-widget elementor-widget-video\" data-id=\"d929fd9\" data-element_type=\"widget\" data-e-type=\"widget\" data-settings=\"{&quot;video_type&quot;:&quot;hosted&quot;,&quot;mute&quot;:&quot;yes&quot;,&quot;controls&quot;:&quot;yes&quot;}\" data-widget_type=\"video.default\">\n\t\t\t\t<div class=\"elementor-widget-container\">\n\t\t\t\t\t\t\t<div class=\"e-hosted-video elementor-wrapper elementor-open-inline\">\n\t\t\t\t\t<video class=\"elementor-video\" src=\"https:\/\/grupomeza.es\/wp-content\/uploads\/2025\/05\/IMG_1065_HEVC.mov\" controls=\"\" preload=\"metadata\" muted=\"muted\" controlslist=\"nodownload\"><\/video>\n\t\t\t\t<\/div>\n\t\t\t\t\t\t<\/div>\n\t\t\t\t<\/div>\n\t\t\t\t<div class=\"elementor-element elementor-element-7dbc580 elementor-widget elementor-widget-video\" data-id=\"7dbc580\" data-element_type=\"widget\" data-e-type=\"widget\" data-settings=\"{&quot;video_type&quot;:&quot;hosted&quot;,&quot;mute&quot;:&quot;yes&quot;,&quot;controls&quot;:&quot;yes&quot;}\" data-widget_type=\"video.default\">\n\t\t\t\t<div class=\"elementor-widget-container\">\n\t\t\t\t\t\t\t<div class=\"e-hosted-video elementor-wrapper elementor-open-inline\">\n\t\t\t\t\t<video class=\"elementor-video\" src=\"https:\/\/grupomeza.es\/wp-content\/uploads\/2025\/05\/IMG_1066_HEVC.mov\" controls=\"\" preload=\"metadata\" muted=\"muted\" controlslist=\"nodownload\"><\/video>\n\t\t\t\t<\/div>\n\t\t\t\t\t\t<\/div>\n\t\t\t\t<\/div>\n\t\t\t\t<div class=\"elementor-element elementor-element-dabbd20 elementor-widget elementor-widget-video\" data-id=\"dabbd20\" data-element_type=\"widget\" data-e-type=\"widget\" data-settings=\"{&quot;video_type&quot;:&quot;hosted&quot;,&quot;mute&quot;:&quot;yes&quot;,&quot;controls&quot;:&quot;yes&quot;}\" data-widget_type=\"video.default\">\n\t\t\t\t<div class=\"elementor-widget-container\">\n\t\t\t\t\t\t\t<div class=\"e-hosted-video elementor-wrapper elementor-open-inline\">\n\t\t\t\t\t<video class=\"elementor-video\" src=\"https:\/\/grupomeza.es\/wp-content\/uploads\/2025\/05\/IMG_1068_HEVC.mov\" controls=\"\" preload=\"metadata\" muted=\"muted\" controlslist=\"nodownload\"><\/video>\n\t\t\t\t<\/div>\n\t\t\t\t\t\t<\/div>\n\t\t\t\t<\/div>\n\t\t\t\t<div class=\"elementor-element elementor-element-9d02d1b elementor-widget elementor-widget-video\" data-id=\"9d02d1b\" data-element_type=\"widget\" data-e-type=\"widget\" data-settings=\"{&quot;video_type&quot;:&quot;hosted&quot;,&quot;mute&quot;:&quot;yes&quot;,&quot;controls&quot;:&quot;yes&quot;}\" data-widget_type=\"video.default\">\n\t\t\t\t<div class=\"elementor-widget-container\">\n\t\t\t\t\t\t\t<div class=\"e-hosted-video elementor-wrapper elementor-open-inline\">\n\t\t\t\t\t<video class=\"elementor-video\" src=\"https:\/\/grupomeza.es\/wp-content\/uploads\/2025\/05\/IMG_1070_HEVC.mov\" controls=\"\" preload=\"metadata\" muted=\"muted\" controlslist=\"nodownload\"><\/video>\n\t\t\t\t<\/div>\n\t\t\t\t\t\t<\/div>\n\t\t\t\t<\/div>\n\t\t\t\t<div class=\"elementor-element elementor-element-483c4ee elementor-widget elementor-widget-video\" data-id=\"483c4ee\" data-element_type=\"widget\" data-e-type=\"widget\" data-settings=\"{&quot;video_type&quot;:&quot;hosted&quot;,&quot;mute&quot;:&quot;yes&quot;,&quot;controls&quot;:&quot;yes&quot;}\" data-widget_type=\"video.default\">\n\t\t\t\t<div class=\"elementor-widget-container\">\n\t\t\t\t\t\t\t<div class=\"e-hosted-video elementor-wrapper elementor-open-inline\">\n\t\t\t\t\t<video class=\"elementor-video\" src=\"https:\/\/grupomeza.es\/wp-content\/uploads\/2025\/05\/IMG_1080_HEVC.mov\" controls=\"\" preload=\"metadata\" muted=\"muted\" controlslist=\"nodownload\"><\/video>\n\t\t\t\t<\/div>\n\t\t\t\t\t\t<\/div>\n\t\t\t\t<\/div>\n\t\t\t\t<div class=\"elementor-element elementor-element-8a33de4 elementor-widget elementor-widget-video\" data-id=\"8a33de4\" data-element_type=\"widget\" data-e-type=\"widget\" data-settings=\"{&quot;video_type&quot;:&quot;hosted&quot;,&quot;mute&quot;:&quot;yes&quot;,&quot;controls&quot;:&quot;yes&quot;}\" data-widget_type=\"video.default\">\n\t\t\t\t<div class=\"elementor-widget-container\">\n\t\t\t\t\t\t\t<div class=\"e-hosted-video elementor-wrapper elementor-open-inline\">\n\t\t\t\t\t<video class=\"elementor-video\" src=\"https:\/\/grupomeza.es\/wp-content\/uploads\/2025\/05\/IMG_1084_HEVC-1.mov\" controls=\"\" preload=\"metadata\" muted=\"muted\" controlslist=\"nodownload\"><\/video>\n\t\t\t\t<\/div>\n\t\t\t\t\t\t<\/div>\n\t\t\t\t<\/div>\n\t\t\t\t<div class=\"elementor-element elementor-element-6cfd6c6 elementor-widget elementor-widget-video\" data-id=\"6cfd6c6\" data-element_type=\"widget\" data-e-type=\"widget\" data-settings=\"{&quot;video_type&quot;:&quot;hosted&quot;,&quot;mute&quot;:&quot;yes&quot;,&quot;controls&quot;:&quot;yes&quot;}\" data-widget_type=\"video.default\">\n\t\t\t\t<div class=\"elementor-widget-container\">\n\t\t\t\t\t\t\t<div class=\"e-hosted-video elementor-wrapper elementor-open-inline\">\n\t\t\t\t\t<video class=\"elementor-video\" src=\"https:\/\/grupomeza.es\/wp-content\/uploads\/2025\/05\/IMG_1085_HEVC.mov\" controls=\"\" preload=\"metadata\" muted=\"muted\" controlslist=\"nodownload\"><\/video>\n\t\t\t\t<\/div>\n\t\t\t\t\t\t<\/div>\n\t\t\t\t<\/div>\n\t\t\t\t<div class=\"elementor-element elementor-element-45d6d9d elementor-widget elementor-widget-video\" data-id=\"45d6d9d\" data-element_type=\"widget\" data-e-type=\"widget\" data-settings=\"{&quot;video_type&quot;:&quot;hosted&quot;,&quot;mute&quot;:&quot;yes&quot;,&quot;controls&quot;:&quot;yes&quot;}\" data-widget_type=\"video.default\">\n\t\t\t\t<div class=\"elementor-widget-container\">\n\t\t\t\t\t\t\t<div class=\"e-hosted-video elementor-wrapper elementor-open-inline\">\n\t\t\t\t\t<video class=\"elementor-video\" src=\"https:\/\/grupomeza.es\/wp-content\/uploads\/2025\/05\/IMG_1095_HEVC.mov\" controls=\"\" preload=\"metadata\" muted=\"muted\" controlslist=\"nodownload\"><\/video>\n\t\t\t\t<\/div>\n\t\t\t\t\t\t<\/div>\n\t\t\t\t<\/div>\n\t\t\t\t<div class=\"elementor-element elementor-element-50a88a5 elementor-widget elementor-widget-video\" data-id=\"50a88a5\" data-element_type=\"widget\" data-e-type=\"widget\" data-settings=\"{&quot;video_type&quot;:&quot;hosted&quot;,&quot;mute&quot;:&quot;yes&quot;,&quot;controls&quot;:&quot;yes&quot;}\" data-widget_type=\"video.default\">\n\t\t\t\t<div class=\"elementor-widget-container\">\n\t\t\t\t\t\t\t<div class=\"e-hosted-video elementor-wrapper elementor-open-inline\">\n\t\t\t\t\t<video class=\"elementor-video\" src=\"https:\/\/grupomeza.es\/wp-content\/uploads\/2025\/05\/IMG_1099_HEVC-1.mov\" controls=\"\" preload=\"metadata\" muted=\"muted\" controlslist=\"nodownload\"><\/video>\n\t\t\t\t<\/div>\n\t\t\t\t\t\t<\/div>\n\t\t\t\t<\/div>\n\t\t\t\t<div class=\"elementor-element elementor-element-4f34796 elementor-widget elementor-widget-video\" data-id=\"4f34796\" data-element_type=\"widget\" data-e-type=\"widget\" data-settings=\"{&quot;video_type&quot;:&quot;hosted&quot;,&quot;mute&quot;:&quot;yes&quot;,&quot;controls&quot;:&quot;yes&quot;}\" data-widget_type=\"video.default\">\n\t\t\t\t<div class=\"elementor-widget-container\">\n\t\t\t\t\t\t\t<div class=\"e-hosted-video elementor-wrapper elementor-open-inline\">\n\t\t\t\t\t<video class=\"elementor-video\" src=\"https:\/\/grupomeza.es\/wp-content\/uploads\/2025\/05\/IMG_1100_HEVC.mov\" controls=\"\" preload=\"metadata\" muted=\"muted\" controlslist=\"nodownload\"><\/video>\n\t\t\t\t<\/div>\n\t\t\t\t\t\t<\/div>\n\t\t\t\t<\/div>\n\t\t\t\t<div class=\"elementor-element elementor-element-c2595c8 elementor-widget elementor-widget-video\" data-id=\"c2595c8\" data-element_type=\"widget\" data-e-type=\"widget\" data-settings=\"{&quot;video_type&quot;:&quot;hosted&quot;,&quot;mute&quot;:&quot;yes&quot;,&quot;controls&quot;:&quot;yes&quot;}\" data-widget_type=\"video.default\">\n\t\t\t\t<div class=\"elementor-widget-container\">\n\t\t\t\t\t\t\t<div class=\"e-hosted-video elementor-wrapper elementor-open-inline\">\n\t\t\t\t\t<video class=\"elementor-video\" src=\"https:\/\/grupomeza.es\/wp-content\/uploads\/2025\/05\/IMG_1103_HEVC.mov\" controls=\"\" preload=\"metadata\" muted=\"muted\" controlslist=\"nodownload\"><\/video>\n\t\t\t\t<\/div>\n\t\t\t\t\t\t<\/div>\n\t\t\t\t<\/div>\n\t\t\t\t<div class=\"elementor-element elementor-element-3b50e90 elementor-widget elementor-widget-video\" data-id=\"3b50e90\" data-element_type=\"widget\" data-e-type=\"widget\" data-settings=\"{&quot;video_type&quot;:&quot;hosted&quot;,&quot;mute&quot;:&quot;yes&quot;,&quot;controls&quot;:&quot;yes&quot;}\" data-widget_type=\"video.default\">\n\t\t\t\t<div class=\"elementor-widget-container\">\n\t\t\t\t\t\t\t<div class=\"e-hosted-video elementor-wrapper elementor-open-inline\">\n\t\t\t\t\t<video class=\"elementor-video\" src=\"https:\/\/grupomeza.es\/wp-content\/uploads\/2025\/05\/IMG_1112_HEVC.mov\" controls=\"\" preload=\"metadata\" muted=\"muted\" controlslist=\"nodownload\"><\/video>\n\t\t\t\t<\/div>\n\t\t\t\t\t\t<\/div>\n\t\t\t\t<\/div>\n\t\t\t\t<\/div>\n\t\t\t\t\t<\/div>\n\t\t\t\t<\/div>\n\t\t\t\t<\/div>","protected":false},"excerpt":{"rendered":"<p>Home https:\/\/grupomeza.es\/wp-content\/uploads\/2025\/05\/IMG_1043_HEVC.movhttps:\/\/grupomeza.es\/wp-content\/uploads\/2025\/05\/IMG_1057_HEVC.movhttps:\/\/grupomeza.es\/wp-content\/uploads\/2025\/05\/IMG_1065_HEVC.movhttps:\/\/grupomeza.es\/wp-content\/uploads\/2025\/05\/IMG_1066_HEVC.movhttps:\/\/grupomeza.es\/wp-content\/uploads\/2025\/05\/IMG_1068_HEVC.movhttps:\/\/grupomeza.es\/wp-content\/uploads\/2025\/05\/IMG_1070_HEVC.movhttps:\/\/grupomeza.es\/wp-content\/uploads\/2025\/05\/IMG_1080_HEVC.movhttps:\/\/grupomeza.es\/wp-content\/uploads\/2025\/05\/IMG_1084_HEVC-1.movhttps:\/\/grupomeza.es\/wp-content\/uploads\/2025\/05\/IMG_1085_HEVC.movhttps:\/\/grupomeza.es\/wp-content\/uploads\/2025\/05\/IMG_1095_HEVC.movhttps:\/\/grupomeza.es\/wp-content\/uploads\/2025\/05\/IMG_1099_HEVC-1.movhttps:\/\/grupomeza.es\/wp-content\/uploads\/2025\/05\/IMG_1100_HEVC.movhttps:\/\/grupomeza.es\/wp-content\/uploads\/2025\/05\/IMG_1103_HEVC.movhttps:\/\/grupomeza.es\/wp-content\/uploads\/2025\/05\/IMG_1112_HEVC.mov<\/p>","protected":false},"author":4,"featured_media":0,"parent":0,"menu_order":0,"comment_status":"closed","ping_status":"closed","template":"page-templates\/template-pagebuilder-full-width.php","meta":{"neve_meta_sidebar":"","neve_meta_container":"","neve_meta_enable_content_width":"off","neve_meta_content_width":100,"neve_meta_title_alignment":"","neve_meta_author_avatar":"","neve_post_elements_order":"","neve_meta_disable_header":"","neve_meta_disable_footer":"","neve_meta_disable_title":"","neve_meta_reading_time":"","_joinchat":[],"footnotes":""},"class_list":["post-1863","page","type-page","status-publish","hentry"],"yoast_head":"<!-- This site is optimized with the Yoast SEO plugin v27.5 - https:\/\/yoast.com\/product\/yoast-seo-wordpress\/ -->\n<title>Cordillera Illamatepec - GRUPO MEZA - Importaci\u00f3n y Exportaci\u00f3n<\/title>\n<meta name=\"robots\" content=\"index, follow, max-snippet:-1, max-image-preview:large, max-video-preview:-1\" \/>\n<link rel=\"canonical\" href=\"https:\/\/grupomeza.es\/en\/cordillera-illamatepec-2018-2\/\" \/>\n<meta property=\"og:locale\" content=\"en_GB\" \/>\n<meta property=\"og:type\" content=\"article\" \/>\n<meta property=\"og:title\" content=\"Cordillera Illamatepec - GRUPO MEZA - Importaci\u00f3n y Exportaci\u00f3n\" \/>\n<meta property=\"og:description\" content=\"Home https:\/\/grupomeza.es\/wp-content\/uploads\/2025\/05\/IMG_1043_HEVC.movhttps:\/\/grupomeza.es\/wp-content\/uploads\/2025\/05\/IMG_1057_HEVC.movhttps:\/\/grupomeza.es\/wp-content\/uploads\/2025\/05\/IMG_1065_HEVC.movhttps:\/\/grupomeza.es\/wp-content\/uploads\/2025\/05\/IMG_1066_HEVC.movhttps:\/\/grupomeza.es\/wp-content\/uploads\/2025\/05\/IMG_1068_HEVC.movhttps:\/\/grupomeza.es\/wp-content\/uploads\/2025\/05\/IMG_1070_HEVC.movhttps:\/\/grupomeza.es\/wp-content\/uploads\/2025\/05\/IMG_1080_HEVC.movhttps:\/\/grupomeza.es\/wp-content\/uploads\/2025\/05\/IMG_1084_HEVC-1.movhttps:\/\/grupomeza.es\/wp-content\/uploads\/2025\/05\/IMG_1085_HEVC.movhttps:\/\/grupomeza.es\/wp-content\/uploads\/2025\/05\/IMG_1095_HEVC.movhttps:\/\/grupomeza.es\/wp-content\/uploads\/2025\/05\/IMG_1099_HEVC-1.movhttps:\/\/grupomeza.es\/wp-content\/uploads\/2025\/05\/IMG_1100_HEVC.movhttps:\/\/grupomeza.es\/wp-content\/uploads\/2025\/05\/IMG_1103_HEVC.movhttps:\/\/grupomeza.es\/wp-content\/uploads\/2025\/05\/IMG_1112_HEVC.mov\" \/>\n<meta property=\"og:url\" content=\"https:\/\/grupomeza.es\/en\/cordillera-illamatepec-2018-2\/\" \/>\n<meta property=\"og:site_name\" content=\"GRUPO MEZA - Importaci\u00f3n y Exportaci\u00f3n\" \/>\n<meta property=\"article:modified_time\" content=\"2025-05-29T11:23:47+00:00\" \/>\n<meta name=\"twitter:card\" content=\"summary_large_image\" \/>\n<meta name=\"twitter:label1\" content=\"Estimated reading time\" \/>\n\t<meta name=\"twitter:data1\" content=\"1 minute\" \/>\n<script type=\"application\/ld+json\" class=\"yoast-schema-graph\">{\"@context\":\"https:\\\/\\\/schema.org\",\"@graph\":[{\"@type\":\"WebPage\",\"@id\":\"https:\\\/\\\/grupomeza.es\\\/cordillera-illamatepec-2018-2\\\/\",\"url\":\"https:\\\/\\\/grupomeza.es\\\/cordillera-illamatepec-2018-2\\\/\",\"name\":\"Cordillera Illamatepec - GRUPO MEZA - Importaci\u00f3n y Exportaci\u00f3n\",\"isPartOf\":{\"@id\":\"https:\\\/\\\/grupomeza.es\\\/#website\"},\"datePublished\":\"2025-05-13T22:58:24+00:00\",\"dateModified\":\"2025-05-29T11:23:47+00:00\",\"breadcrumb\":{\"@id\":\"https:\\\/\\\/grupomeza.es\\\/cordillera-illamatepec-2018-2\\\/#breadcrumb\"},\"inLanguage\":\"en-GB\",\"potentialAction\":[{\"@type\":\"ReadAction\",\"target\":[\"https:\\\/\\\/grupomeza.es\\\/cordillera-illamatepec-2018-2\\\/\"]}]},{\"@type\":\"BreadcrumbList\",\"@id\":\"https:\\\/\\\/grupomeza.es\\\/cordillera-illamatepec-2018-2\\\/#breadcrumb\",\"itemListElement\":[{\"@type\":\"ListItem\",\"position\":1,\"name\":\"Portada\",\"item\":\"https:\\\/\\\/grupomeza.es\\\/\"},{\"@type\":\"ListItem\",\"position\":2,\"name\":\"Cordillera Illamatepec\"}]},{\"@type\":\"WebSite\",\"@id\":\"https:\\\/\\\/grupomeza.es\\\/#website\",\"url\":\"https:\\\/\\\/grupomeza.es\\\/\",\"name\":\"GRUPO MEZA - Importaci\u00f3n y Exportaci\u00f3n\",\"description\":\"En Grupo Meza somos una empresa joven y din\u00e1mica, especializada en la importaci\u00f3n y exportaci\u00f3n de caf\u00e9 verde de alta calidad y en consultor\u00eda empresarial para negocios del sector agroalimentario.\",\"potentialAction\":[{\"@type\":\"SearchAction\",\"target\":{\"@type\":\"EntryPoint\",\"urlTemplate\":\"https:\\\/\\\/grupomeza.es\\\/?s={search_term_string}\"},\"query-input\":{\"@type\":\"PropertyValueSpecification\",\"valueRequired\":true,\"valueName\":\"search_term_string\"}}],\"inLanguage\":\"en-GB\"}]}<\/script>\n<!-- \/ Yoast SEO plugin. -->","yoast_head_json":{"title":"Cordillera Illamatepec - GRUPO MEZA - Importaci\u00f3n y Exportaci\u00f3n","robots":{"index":"index","follow":"follow","max-snippet":"max-snippet:-1","max-image-preview":"max-image-preview:large","max-video-preview":"max-video-preview:-1"},"canonical":"https:\/\/grupomeza.es\/en\/cordillera-illamatepec-2018-2\/","og_locale":"en_GB","og_type":"article","og_title":"Cordillera Illamatepec - GRUPO MEZA - Importaci\u00f3n y Exportaci\u00f3n","og_description":"Home https:\/\/grupomeza.es\/wp-content\/uploads\/2025\/05\/IMG_1043_HEVC.movhttps:\/\/grupomeza.es\/wp-content\/uploads\/2025\/05\/IMG_1057_HEVC.movhttps:\/\/grupomeza.es\/wp-content\/uploads\/2025\/05\/IMG_1065_HEVC.movhttps:\/\/grupomeza.es\/wp-content\/uploads\/2025\/05\/IMG_1066_HEVC.movhttps:\/\/grupomeza.es\/wp-content\/uploads\/2025\/05\/IMG_1068_HEVC.movhttps:\/\/grupomeza.es\/wp-content\/uploads\/2025\/05\/IMG_1070_HEVC.movhttps:\/\/grupomeza.es\/wp-content\/uploads\/2025\/05\/IMG_1080_HEVC.movhttps:\/\/grupomeza.es\/wp-content\/uploads\/2025\/05\/IMG_1084_HEVC-1.movhttps:\/\/grupomeza.es\/wp-content\/uploads\/2025\/05\/IMG_1085_HEVC.movhttps:\/\/grupomeza.es\/wp-content\/uploads\/2025\/05\/IMG_1095_HEVC.movhttps:\/\/grupomeza.es\/wp-content\/uploads\/2025\/05\/IMG_1099_HEVC-1.movhttps:\/\/grupomeza.es\/wp-content\/uploads\/2025\/05\/IMG_1100_HEVC.movhttps:\/\/grupomeza.es\/wp-content\/uploads\/2025\/05\/IMG_1103_HEVC.movhttps:\/\/grupomeza.es\/wp-content\/uploads\/2025\/05\/IMG_1112_HEVC.mov","og_url":"https:\/\/grupomeza.es\/en\/cordillera-illamatepec-2018-2\/","og_site_name":"GRUPO MEZA - Importaci\u00f3n y Exportaci\u00f3n","article_modified_time":"2025-05-29T11:23:47+00:00","twitter_card":"summary_large_image","twitter_misc":{"Estimated reading time":"1 minute"},"schema":{"@context":"https:\/\/schema.org","@graph":[{"@type":"WebPage","@id":"https:\/\/grupomeza.es\/cordillera-illamatepec-2018-2\/","url":"https:\/\/grupomeza.es\/cordillera-illamatepec-2018-2\/","name":"Cordillera Illamatepec - GRUPO MEZA - Importaci\u00f3n y Exportaci\u00f3n","isPartOf":{"@id":"https:\/\/grupomeza.es\/#website"},"datePublished":"2025-05-13T22:58:24+00:00","dateModified":"2025-05-29T11:23:47+00:00","breadcrumb":{"@id":"https:\/\/grupomeza.es\/cordillera-illamatepec-2018-2\/#breadcrumb"},"inLanguage":"en-GB","potentialAction":[{"@type":"ReadAction","target":["https:\/\/grupomeza.es\/cordillera-illamatepec-2018-2\/"]}]},{"@type":"BreadcrumbList","@id":"https:\/\/grupomeza.es\/cordillera-illamatepec-2018-2\/#breadcrumb","itemListElement":[{"@type":"ListItem","position":1,"name":"Portada","item":"https:\/\/grupomeza.es\/"},{"@type":"ListItem","position":2,"name":"Cordillera Illamatepec"}]},{"@type":"WebSite","@id":"https:\/\/grupomeza.es\/#website","url":"https:\/\/grupomeza.es\/","name":"GRUPO MEZA - Importaci\u00f3n y Exportaci\u00f3n","description":"En Grupo Meza somos una empresa joven y din\u00e1mica, especializada en la importaci\u00f3n y exportaci\u00f3n de caf\u00e9 verde de alta calidad y en consultor\u00eda empresarial para negocios del sector agroalimentario.","potentialAction":[{"@type":"SearchAction","target":{"@type":"EntryPoint","urlTemplate":"https:\/\/grupomeza.es\/?s={search_term_string}"},"query-input":{"@type":"PropertyValueSpecification","valueRequired":true,"valueName":"search_term_string"}}],"inLanguage":"en-GB"}]}},"_links":{"self":[{"href":"https:\/\/grupomeza.es\/en\/wp-json\/wp\/v2\/pages\/1863","targetHints":{"allow":["GET"]}}],"collection":[{"href":"https:\/\/grupomeza.es\/en\/wp-json\/wp\/v2\/pages"}],"about":[{"href":"https:\/\/grupomeza.es\/en\/wp-json\/wp\/v2\/types\/page"}],"author":[{"embeddable":true,"href":"https:\/\/grupomeza.es\/en\/wp-json\/wp\/v2\/users\/4"}],"replies":[{"embeddable":true,"href":"https:\/\/grupomeza.es\/en\/wp-json\/wp\/v2\/comments?post=1863"}],"version-history":[{"count":12,"href":"https:\/\/grupomeza.es\/en\/wp-json\/wp\/v2\/pages\/1863\/revisions"}],"predecessor-version":[{"id":2538,"href":"https:\/\/grupomeza.es\/en\/wp-json\/wp\/v2\/pages\/1863\/revisions\/2538"}],"wp:attachment":[{"href":"https:\/\/grupomeza.es\/en\/wp-json\/wp\/v2\/media?parent=1863"}],"curies":[{"name":"wp","href":"https:\/\/api.w.org\/{rel}","templated":true}]}}